{"id":748,"date":"2025-12-24T13:41:32","date_gmt":"2025-12-24T12:41:32","guid":{"rendered":"https:\/\/www.maitresdhotelworldcup2026.com\/?page_id=748"},"modified":"2026-01-23T15:13:56","modified_gmt":"2026-01-23T14:13:56","slug":"retour-sur-la-selection-france","status":"publish","type":"page","link":"https:\/\/www.maitresdhotelworldcup2026.com\/index.php\/retour-sur-la-selection-france\/","title":{"rendered":"Retour sur la s\u00e9lection France"},"content":{"rendered":"\t\t<div data-elementor-type=\"wp-page\" data-elementor-id=\"748\" class=\"elementor elementor-748\">\n\t\t\t\t<div class=\"elementor-element elementor-element-68058740 e-con-full e-flex e-con e-parent\" data-id=\"68058740\" data-element_type=\"container\">\n\t\t\t\t<div class=\"elementor-element elementor-element-17afe83b elementor-widget__width-inherit elementor-widget elementor-widget-text-editor\" data-id=\"17afe83b\" data-element_type=\"widget\" data-widget_type=\"text-editor.default\">\n\t\t\t\t<div class=\"elementor-widget-container\">\n\t\t\t\t\t\t\t\t\t\n<p><em>Le 1<sup>er<\/sup>\u00a0d\u00e9cembre dernier, le lyc\u00e9e h\u00f4telier de La Rochelle a vibr\u00e9 lors de la s\u00e9lection France de la \u00ab\u00a0Maitre d\u2019h\u00f4tel World Cup\u00a0\u00bb.<\/em><\/p>\n\n<p><em>Durant cette journ\u00e9e d\u2019excellence, les 10 candidats ont pu d\u00e9montr\u00e9 toute l\u2019\u00e9tendue du m\u00e9tier de Ma\u00eetre d\u2019h\u00f4tel, entre gestes techniques, \u00e9l\u00e9gance, pr\u00e9cision, cr\u00e9ativit\u00e9 et arts de la table.<\/em><\/p>\n\n<p><em>Neufs ateliers, mis en \u0153uvre par Frank Josserand, Thierry Millet et Serge Goulaieff, tous trois MOF Ma\u00eetre d\u2019h\u00f4tel, se sont succ\u00e9d\u00e9s, r\u00e9v\u00e9lant l\u2019exigence et la polyvalence du m\u00e9tier.<\/em><\/p>\n\n<p><em>Ces \u00e9preuves ont \u00e9t\u00e9 \u00e0 la fois classiques, qu\u2019innovantes ou surprenantes\u00a0: culture g\u00e9n\u00e9rale et professionnelle, arts de la table, nouvel outil-nouveau geste, battle de pigeons, flambage cr\u00e9ation, d\u00e9gustation \u00e0 l\u2019aveugle d\u2019eaux min\u00e9rales, commercialisation en anglais, technique de sommellerie, et un atelier surprise autour des huitres\u00a0; les candidats ont pu m\u00eame b\u00e9n\u00e9ficier apr\u00e8s les \u00e9preuves d\u2019une master class donn\u00e9e par Benjamin Gilard, champion du monde des \u00e9caillers.<\/em><\/p>\n\n<p><em>Au terme de cette s\u00e9lection, Dylan Werner a \u00e9t\u00e9 d\u00e9sign\u00e9 pour repr\u00e9senter la France lors de la finale internationale \u00ab\u00a0Maitre d\u2019h\u00f4tel World Cup\u00a0\u00bb \u00e0 Tokyo en octobre 2026, face \u00e0 une vingtaine autres nations.<\/em><\/p>\n\t\t\t\t\t\t\t\t<\/div>\n\t\t\t\t<\/div>\n\t\t\t\t<\/div>\n\t\t<div class=\"elementor-element elementor-element-0db6138 e-con-full e-flex e-con e-parent\" data-id=\"0db6138\" data-element_type=\"container\">\n\t\t\t\t<\/div>\n\t\t\t\t<\/div>\n\t\t","protected":false},"excerpt":{"rendered":"<p>Le 1er\u00a0d\u00e9cembre dernier, le lyc\u00e9e h\u00f4telier de La Rochelle a vibr\u00e9 lors de la s\u00e9lection France de la \u00ab\u00a0Maitre d\u2019h\u00f4tel World Cup\u00a0\u00bb. Durant cette journ\u00e9e d\u2019excellence, les 10 candidats ont pu d\u00e9montr\u00e9 toute l\u2019\u00e9tendue du m\u00e9tier de Ma\u00eetre d\u2019h\u00f4tel, entre gestes techniques, \u00e9l\u00e9gance, pr\u00e9cision, cr\u00e9ativit\u00e9 et arts de la table. Neufs ateliers, mis en \u0153uvre [&hellip;]<\/p>\n","protected":false},"author":1,"featured_media":0,"parent":0,"menu_order":0,"comment_status":"closed","ping_status":"closed","template":"","meta":{"footnotes":""},"class_list":["post-748","page","type-page","status-publish","hentry"],"_links":{"self":[{"href":"https:\/\/www.maitresdhotelworldcup2026.com\/index.php\/wp-json\/wp\/v2\/pages\/748","targetHints":{"allow":["GET"]}}],"collection":[{"href":"https:\/\/www.maitresdhotelworldcup2026.com\/index.php\/wp-json\/wp\/v2\/pages"}],"about":[{"href":"https:\/\/www.maitresdhotelworldcup2026.com\/index.php\/wp-json\/wp\/v2\/types\/page"}],"author":[{"embeddable":true,"href":"https:\/\/www.maitresdhotelworldcup2026.com\/index.php\/wp-json\/wp\/v2\/users\/1"}],"replies":[{"embeddable":true,"href":"https:\/\/www.maitresdhotelworldcup2026.com\/index.php\/wp-json\/wp\/v2\/comments?post=748"}],"version-history":[{"count":5,"href":"https:\/\/www.maitresdhotelworldcup2026.com\/index.php\/wp-json\/wp\/v2\/pages\/748\/revisions"}],"predecessor-version":[{"id":763,"href":"https:\/\/www.maitresdhotelworldcup2026.com\/index.php\/wp-json\/wp\/v2\/pages\/748\/revisions\/763"}],"wp:attachment":[{"href":"https:\/\/www.maitresdhotelworldcup2026.com\/index.php\/wp-json\/wp\/v2\/media?parent=748"}],"curies":[{"name":"wp","href":"https:\/\/api.w.org\/{rel}","templated":true}]}}