{"id":671,"date":"2025-10-08T15:06:49","date_gmt":"2025-10-08T13:06:49","guid":{"rendered":"https:\/\/www.maitresdhotelworldcup2026.com\/?page_id=671"},"modified":"2025-10-08T15:23:29","modified_gmt":"2025-10-08T13:23:29","slug":"le-jury","status":"publish","type":"page","link":"https:\/\/www.maitresdhotelworldcup2026.com\/index.php\/le-jury\/","title":{"rendered":"Le jury"},"content":{"rendered":"\t\t<div data-elementor-type=\"wp-page\" data-elementor-id=\"671\" class=\"elementor elementor-671\">\n\t\t\t\t<div class=\"elementor-element elementor-element-c7e50e7 e-grid e-con-boxed e-con e-parent\" data-id=\"c7e50e7\" data-element_type=\"container\">\n\t\t\t\t\t<div class=\"e-con-inner\">\n\t\t\t\t<div class=\"elementor-element elementor-element-bd83050 elementor-widget elementor-widget-image\" data-id=\"bd83050\" data-element_type=\"widget\" data-widget_type=\"image.default\">\n\t\t\t\t<div class=\"elementor-widget-container\">\n\t\t\t\t\t\t\t\t\t\t\t\t\t\t\t<img fetchpriority=\"high\" decoding=\"async\" width=\"243\" height=\"325\" src=\"https:\/\/www.maitresdhotelworldcup2026.com\/wp-content\/uploads\/2025\/10\/loic.jpg\" class=\"attachment-large size-large wp-image-674\" alt=\"\" srcset=\"https:\/\/www.maitresdhotelworldcup2026.com\/wp-content\/uploads\/2025\/10\/loic.jpg 243w, https:\/\/www.maitresdhotelworldcup2026.com\/wp-content\/uploads\/2025\/10\/loic-224x300.jpg 224w\" sizes=\"(max-width: 243px) 100vw, 243px\" \/>\t\t\t\t\t\t\t\t\t\t\t\t\t\t\t<\/div>\n\t\t\t\t<\/div>\n\t\t\t\t<div class=\"elementor-element elementor-element-5b6035b elementor-widget elementor-widget-text-editor\" data-id=\"5b6035b\" data-element_type=\"widget\" data-widget_type=\"text-editor.default\">\n\t\t\t\t<div class=\"elementor-widget-container\">\n\t\t\t\t\t\t\t\t\t<h5><span class=\"html-span xdj266r x14z9mp xat24cr x1lziwak xexx8yu xyri2b x18d9i69 x1c1uobl x1hl2dhg x16tdsg8 x1vvkbs\"><a class=\"x1i10hfl xjbqb8w x1ejq31n x18oe1m7 x1sy0etr xstzfhl x972fbf x10w94by x1qhh985 x14e42zd x9f619 x1ypdohk xt0psk2 x3ct3a4 xdj266r x14z9mp xat24cr x1lziwak xexx8yu xyri2b x18d9i69 x1c1uobl x16tdsg8 x1hl2dhg xggy1nq x1a2a7pz xkrqix3 x1sur9pj x1fey0fg x1s688f\" tabindex=\"0\" role=\"link\" href=\"https:\/\/www.facebook.com\/loic.glevarec?__cft__[0]=AZWHaMUOAzHLN6_57ouNe72eB5xBQaMBqydU5O1oKml0kCiLf28QtVLTVamMFONZ1-IwFl2T0uPy4y_XthBZiRcOS9VNWVS1I3IMgzzLA0dlSln91xjY3fXQwnVbRW0wrInBSQ3aO9IVIN_RV6PEFOVG-e6HIXrulPVWTDIyytLWkx8rH5YqVbJXTzpzd3unjngVmFcv97qa3gGJ0i0griaNXo9HhTgVIyzpHr1moNMAwQ&amp;__tn__=-]K-R\"><span class=\"xt0psk2\"> Lo\u00efc Gl\u00e9varec<\/span><\/a><\/span>, Meilleur Ouvrier de France Ma\u00eetre d&rsquo;H\u00f4tel, Responsable accueil VIP et r\u00e9ceptions au Ch\u00e2teau de Bagnolet<span class=\"html-span xdj266r x14z9mp xat24cr x1lziwak xexx8yu xyri2b x18d9i69 x1c1uobl x1hl2dhg x16tdsg8 x1vvkbs\"><a class=\"x1i10hfl xjbqb8w x1ejq31n x18oe1m7 x1sy0etr xstzfhl x972fbf x10w94by x1qhh985 x14e42zd x9f619 x1ypdohk xt0psk2 x3ct3a4 xdj266r x14z9mp xat24cr x1lziwak xexx8yu xyri2b x18d9i69 x1c1uobl x16tdsg8 x1hl2dhg xggy1nq x1a2a7pz xkrqix3 x1sur9pj x1fey0fg x1s688f\" tabindex=\"0\" role=\"link\" href=\"https:\/\/www.facebook.com\/HennessyGlobal?__cft__[0]=AZWHaMUOAzHLN6_57ouNe72eB5xBQaMBqydU5O1oKml0kCiLf28QtVLTVamMFONZ1-IwFl2T0uPy4y_XthBZiRcOS9VNWVS1I3IMgzzLA0dlSln91xjY3fXQwnVbRW0wrInBSQ3aO9IVIN_RV6PEFOVG-e6HIXrulPVWTDIyytLWkx8rH5YqVbJXTzpzd3unjngVmFcv97qa3gGJ0i0griaNXo9HhTgVIyzpHr1moNMAwQ&amp;__tn__=-]K-R\"><span class=\"xt0psk2\"><span class=\"xjp7ctv\"> Hennessy<\/span><\/span><\/a><\/span><\/h5>\t\t\t\t\t\t\t\t<\/div>\n\t\t\t\t<\/div>\n\t\t\t\t\t<\/div>\n\t\t\t\t<\/div>\n\t\t<div class=\"elementor-element elementor-element-081428f e-grid e-con-full e-con e-parent\" data-id=\"081428f\" data-element_type=\"container\">\n\t\t\t\t<div class=\"elementor-element elementor-element-e6770bd elementor-widget elementor-widget-text-editor\" data-id=\"e6770bd\" data-element_type=\"widget\" data-widget_type=\"text-editor.default\">\n\t\t\t\t<div class=\"elementor-widget-container\">\n\t\t\t\t\t\t\t\t\t<h5>Didier Galopin, Meilleur Ouvrier de France Ma\u00eetre d&rsquo;H\u00f4tel, Pr\u00e9sident de l&rsquo;Association des MOF Ma\u00eetres d&rsquo;h\u00f4tel @A.M.O.F.M.H<\/h5>\t\t\t\t\t\t\t\t<\/div>\n\t\t\t\t<\/div>\n\t\t\t\t<div class=\"elementor-element elementor-element-33bc33b elementor-widget elementor-widget-image\" data-id=\"33bc33b\" data-element_type=\"widget\" data-widget_type=\"image.default\">\n\t\t\t\t<div class=\"elementor-widget-container\">\n\t\t\t\t\t\t\t\t\t\t\t\t\t\t\t<img decoding=\"async\" width=\"580\" height=\"711\" src=\"https:\/\/www.maitresdhotelworldcup2026.com\/wp-content\/uploads\/2025\/10\/Didier-Galopin-835x1024.jpeg\" class=\"attachment-large size-large wp-image-672\" alt=\"\" srcset=\"https:\/\/www.maitresdhotelworldcup2026.com\/wp-content\/uploads\/2025\/10\/Didier-Galopin-835x1024.jpeg 835w, https:\/\/www.maitresdhotelworldcup2026.com\/wp-content\/uploads\/2025\/10\/Didier-Galopin-245x300.jpeg 245w, https:\/\/www.maitresdhotelworldcup2026.com\/wp-content\/uploads\/2025\/10\/Didier-Galopin-768x942.jpeg 768w, https:\/\/www.maitresdhotelworldcup2026.com\/wp-content\/uploads\/2025\/10\/Didier-Galopin-1252x1536.jpeg 1252w, https:\/\/www.maitresdhotelworldcup2026.com\/wp-content\/uploads\/2025\/10\/Didier-Galopin-1200x1472.jpeg 1200w, https:\/\/www.maitresdhotelworldcup2026.com\/wp-content\/uploads\/2025\/10\/Didier-Galopin.jpeg 1304w\" sizes=\"(max-width: 580px) 100vw, 580px\" \/>\t\t\t\t\t\t\t\t\t\t\t\t\t\t\t<\/div>\n\t\t\t\t<\/div>\n\t\t\t\t<\/div>\n\t\t<div class=\"elementor-element elementor-element-1c3df5b e-grid e-con-boxed e-con e-parent\" data-id=\"1c3df5b\" data-element_type=\"container\">\n\t\t\t\t\t<div class=\"e-con-inner\">\n\t\t\t\t<div class=\"elementor-element elementor-element-216a252 elementor-widget elementor-widget-image\" data-id=\"216a252\" data-element_type=\"widget\" data-widget_type=\"image.default\">\n\t\t\t\t<div class=\"elementor-widget-container\">\n\t\t\t\t\t\t\t\t\t\t\t\t\t\t\t<img decoding=\"async\" width=\"580\" height=\"442\" src=\"https:\/\/www.maitresdhotelworldcup2026.com\/wp-content\/uploads\/2025\/10\/526606213_122152456838605678_2691464431032446993_n.jpg\" class=\"attachment-large size-large wp-image-680\" alt=\"\" srcset=\"https:\/\/www.maitresdhotelworldcup2026.com\/wp-content\/uploads\/2025\/10\/526606213_122152456838605678_2691464431032446993_n.jpg 708w, https:\/\/www.maitresdhotelworldcup2026.com\/wp-content\/uploads\/2025\/10\/526606213_122152456838605678_2691464431032446993_n-300x229.jpg 300w\" sizes=\"(max-width: 580px) 100vw, 580px\" \/>\t\t\t\t\t\t\t\t\t\t\t\t\t\t\t<\/div>\n\t\t\t\t<\/div>\n\t\t\t\t<div class=\"elementor-element elementor-element-c81b07f elementor-widget elementor-widget-text-editor\" data-id=\"c81b07f\" data-element_type=\"widget\" data-widget_type=\"text-editor.default\">\n\t\t\t\t<div class=\"elementor-widget-container\">\n\t\t\t\t\t\t\t\t\t<h5>Flavien Berlaud, Meilleur Ouvrier de France Ma\u00eetre d&rsquo;H\u00f4tel, Ma\u00eetre d&rsquo;h\u00f4tel au Ch\u00e2teau de Bagnolet<span class=\"html-span xdj266r x14z9mp xat24cr x1lziwak xexx8yu xyri2b x18d9i69 x1c1uobl x1hl2dhg x16tdsg8 x1vvkbs\"><a class=\"x1i10hfl xjbqb8w x1ejq31n x18oe1m7 x1sy0etr xstzfhl x972fbf x10w94by x1qhh985 x14e42zd x9f619 x1ypdohk xt0psk2 x3ct3a4 xdj266r x14z9mp xat24cr x1lziwak xexx8yu xyri2b x18d9i69 x1c1uobl x16tdsg8 x1hl2dhg xggy1nq x1a2a7pz xkrqix3 x1sur9pj x1fey0fg x1s688f\" tabindex=\"0\" role=\"link\" href=\"https:\/\/www.facebook.com\/HennessyGlobal?__cft__[0]=AZUgH8TI8ynAxnl3wDfLj7-13KLH3zd7QOybdSgurNpGfRA8x2GDL9e2Mo-5xP4MOswiDHr3TUTEzhlm-59fPWkCDAxRphuGVAHiuuywprnv8f_5LmUUg8Qs6VPzEoE8ezM2OjK0mEAh1TCytDaBoZ9hHJviDAv9x3cCRqwMZzVGoSXpCYx9CJFj7MBZI4jg3RYg2FPVHhnyEoZzcGOloyVrSty_0lm6j1N2Dg6B-jh8WA&amp;__tn__=-]K-R\"><span class=\"xt0psk2\"><span class=\"xjp7ctv\"> Hennessy<\/span><\/span><\/a><\/span><\/h5>\t\t\t\t\t\t\t\t<\/div>\n\t\t\t\t<\/div>\n\t\t\t\t\t<\/div>\n\t\t\t\t<\/div>\n\t\t<div class=\"elementor-element elementor-element-ae67a38 e-grid e-con-boxed e-con e-parent\" data-id=\"ae67a38\" data-element_type=\"container\">\n\t\t\t\t\t<div class=\"e-con-inner\">\n\t\t\t\t<div class=\"elementor-element elementor-element-5d08c67 elementor-widget elementor-widget-text-editor\" data-id=\"5d08c67\" data-element_type=\"widget\" data-widget_type=\"text-editor.default\">\n\t\t\t\t<div class=\"elementor-widget-container\">\n\t\t\t\t\t\t\t\t\t<h5>Nicolas Brossard, propri\u00e9taire &amp; directeur<span class=\"html-span xdj266r x14z9mp xat24cr x1lziwak xexx8yu xyri2b x18d9i69 x1c1uobl x1hl2dhg x16tdsg8 x1vvkbs\"><a class=\"x1i10hfl xjbqb8w x1ejq31n x18oe1m7 x1sy0etr xstzfhl x972fbf x10w94by x1qhh985 x14e42zd x9f619 x1ypdohk xt0psk2 x3ct3a4 xdj266r x14z9mp xat24cr x1lziwak xexx8yu xyri2b x18d9i69 x1c1uobl x16tdsg8 x1hl2dhg xggy1nq x1a2a7pz xkrqix3 x1sur9pj x1fey0fg x1s688f\" tabindex=\"0\" role=\"link\" href=\"https:\/\/www.facebook.com\/ccoutanceau?__cft__[0]=AZWi1Mxmb58xtCRmEZdRnvf85ntOrd4TxcTus1-Gokaj9WfghLtpFNADcP8z-JMtip0Ov_fMv9R9cATE6H9bToibmxfQfF3Jnjq3VZMNW3IsYbxqwch5pvBCGX4ohMhJi2GUUVm0FiSaKPa1Eefjdml3dMs-eopr-kKsPLTPSWKZCVTnWm74to8nu5Jlk3496BrfgFdQ_Dc8eKGEDtJrV6YK&amp;__tn__=-]K-R\"><span class=\"xt0psk2\"><span class=\"xjp7ctv\"> Restaurant Christopher Coutanceau<\/span><\/span><\/a><\/span><\/h5>\t\t\t\t\t\t\t\t<\/div>\n\t\t\t\t<\/div>\n\t\t\t\t<div class=\"elementor-element elementor-element-fc46001 elementor-widget elementor-widget-image\" data-id=\"fc46001\" data-element_type=\"widget\" data-widget_type=\"image.default\">\n\t\t\t\t<div class=\"elementor-widget-container\">\n\t\t\t\t\t\t\t\t\t\t\t\t\t\t\t<img loading=\"lazy\" decoding=\"async\" width=\"580\" height=\"870\" src=\"https:\/\/www.maitresdhotelworldcup2026.com\/wp-content\/uploads\/2025\/10\/536272096_122154675638605678_4692710001689051817_n-683x1024.jpg\" class=\"attachment-large size-large wp-image-681\" alt=\"\" srcset=\"https:\/\/www.maitresdhotelworldcup2026.com\/wp-content\/uploads\/2025\/10\/536272096_122154675638605678_4692710001689051817_n-683x1024.jpg 683w, https:\/\/www.maitresdhotelworldcup2026.com\/wp-content\/uploads\/2025\/10\/536272096_122154675638605678_4692710001689051817_n-200x300.jpg 200w, https:\/\/www.maitresdhotelworldcup2026.com\/wp-content\/uploads\/2025\/10\/536272096_122154675638605678_4692710001689051817_n-768x1151.jpg 768w, https:\/\/www.maitresdhotelworldcup2026.com\/wp-content\/uploads\/2025\/10\/536272096_122154675638605678_4692710001689051817_n-1025x1536.jpg 1025w, https:\/\/www.maitresdhotelworldcup2026.com\/wp-content\/uploads\/2025\/10\/536272096_122154675638605678_4692710001689051817_n-1200x1799.jpg 1200w, https:\/\/www.maitresdhotelworldcup2026.com\/wp-content\/uploads\/2025\/10\/536272096_122154675638605678_4692710001689051817_n.jpg 1366w\" sizes=\"(max-width: 580px) 100vw, 580px\" \/>\t\t\t\t\t\t\t\t\t\t\t\t\t\t\t<\/div>\n\t\t\t\t<\/div>\n\t\t\t\t\t<\/div>\n\t\t\t\t<\/div>\n\t\t<div class=\"elementor-element elementor-element-3ee05f4 e-grid e-con-boxed e-con e-parent\" data-id=\"3ee05f4\" data-element_type=\"container\">\n\t\t\t\t\t<div class=\"e-con-inner\">\n\t\t\t\t<div class=\"elementor-element elementor-element-d98b161 elementor-widget elementor-widget-image\" data-id=\"d98b161\" data-element_type=\"widget\" data-widget_type=\"image.default\">\n\t\t\t\t<div class=\"elementor-widget-container\">\n\t\t\t\t\t\t\t\t\t\t\t\t\t\t\t<img loading=\"lazy\" decoding=\"async\" width=\"580\" height=\"725\" src=\"https:\/\/www.maitresdhotelworldcup2026.com\/wp-content\/uploads\/2025\/10\/Sarah-Benahmed-819x1024.jpg\" class=\"attachment-large size-large wp-image-682\" alt=\"\" srcset=\"https:\/\/www.maitresdhotelworldcup2026.com\/wp-content\/uploads\/2025\/10\/Sarah-Benahmed-819x1024.jpg 819w, https:\/\/www.maitresdhotelworldcup2026.com\/wp-content\/uploads\/2025\/10\/Sarah-Benahmed-240x300.jpg 240w, https:\/\/www.maitresdhotelworldcup2026.com\/wp-content\/uploads\/2025\/10\/Sarah-Benahmed-768x960.jpg 768w, https:\/\/www.maitresdhotelworldcup2026.com\/wp-content\/uploads\/2025\/10\/Sarah-Benahmed-1229x1536.jpg 1229w, https:\/\/www.maitresdhotelworldcup2026.com\/wp-content\/uploads\/2025\/10\/Sarah-Benahmed-1638x2048.jpg 1638w, https:\/\/www.maitresdhotelworldcup2026.com\/wp-content\/uploads\/2025\/10\/Sarah-Benahmed-1200x1500.jpg 1200w, https:\/\/www.maitresdhotelworldcup2026.com\/wp-content\/uploads\/2025\/10\/Sarah-Benahmed-1980x2475.jpg 1980w, https:\/\/www.maitresdhotelworldcup2026.com\/wp-content\/uploads\/2025\/10\/Sarah-Benahmed-scaled.jpg 2048w\" sizes=\"(max-width: 580px) 100vw, 580px\" \/>\t\t\t\t\t\t\t\t\t\t\t\t\t\t\t<\/div>\n\t\t\t\t<\/div>\n\t\t\t\t<div class=\"elementor-element elementor-element-f702ba2 elementor-widget elementor-widget-text-editor\" data-id=\"f702ba2\" data-element_type=\"widget\" data-widget_type=\"text-editor.default\">\n\t\t\t\t<div class=\"elementor-widget-container\">\n\t\t\t\t\t\t\t\t\t<h5>Sarah Benahmed, directrice de salle<span class=\"html-span xdj266r x14z9mp xat24cr x1lziwak xexx8yu xyri2b x18d9i69 x1c1uobl x1hl2dhg x16tdsg8 x1vvkbs\"><a class=\"x1i10hfl xjbqb8w x1ejq31n x18oe1m7 x1sy0etr xstzfhl x972fbf x10w94by x1qhh985 x14e42zd x9f619 x1ypdohk xt0psk2 x3ct3a4 xdj266r x14z9mp xat24cr x1lziwak xexx8yu xyri2b x18d9i69 x1c1uobl x16tdsg8 x1hl2dhg xggy1nq x1a2a7pz xkrqix3 x1sur9pj x1fey0fg x1s688f\" tabindex=\"0\" role=\"link\" href=\"https:\/\/www.facebook.com\/lausannepalace?__cft__[0]=AZVHc_JH-fNtuXuExx4Y_9pkyNd2TE1hWpMcu_WtXEkWiqTD4K-yDOlreslVCmdFrSmixkUAjya9xOb025pQmJFtv-ZzKGOWZWAJXoyAEDGEurBn37zz_DCQBkv3Xd8c5S5gS6LKwAjEoESeqWkgWjmL&amp;__tn__=-]K-R\"><span class=\"xt0psk2\"><span class=\"xjp7ctv\"> Lausanne Palace<\/span><\/span><\/a><\/span>, laur\u00e9ate \u00e0 deux reprises du prix \u00ab\u00a0Service Award\u00a0\u00bb d\u00e9cern\u00e9 par le guide<span class=\"html-span xdj266r x14z9mp xat24cr x1lziwak xexx8yu xyri2b x18d9i69 x1c1uobl x1hl2dhg x16tdsg8 x1vvkbs\"><a class=\"x1i10hfl xjbqb8w x1ejq31n x18oe1m7 x1sy0etr xstzfhl x972fbf x10w94by x1qhh985 x14e42zd x9f619 x1ypdohk xt0psk2 x3ct3a4 xdj266r x14z9mp xat24cr x1lziwak xexx8yu xyri2b x18d9i69 x1c1uobl x16tdsg8 x1hl2dhg xggy1nq x1a2a7pz xkrqix3 x1sur9pj x1fey0fg x1s688f\" tabindex=\"0\" role=\"link\" href=\"https:\/\/www.facebook.com\/MichelinGuideWorldwide?__cft__[0]=AZVHc_JH-fNtuXuExx4Y_9pkyNd2TE1hWpMcu_WtXEkWiqTD4K-yDOlreslVCmdFrSmixkUAjya9xOb025pQmJFtv-ZzKGOWZWAJXoyAEDGEurBn37zz_DCQBkv3Xd8c5S5gS6LKwAjEoESeqWkgWjmL&amp;__tn__=-]K-R\"><span class=\"xt0psk2\"><span class=\"xjp7ctv\"> MICHELIN Guid<\/span><\/span><\/a><\/span>e, en 2017 et 2024.<\/h5>\t\t\t\t\t\t\t\t<\/div>\n\t\t\t\t<\/div>\n\t\t\t\t\t<\/div>\n\t\t\t\t<\/div>\n\t\t<div class=\"elementor-element elementor-element-d44fdd0 e-grid e-con-boxed e-con e-parent\" data-id=\"d44fdd0\" data-element_type=\"container\">\n\t\t\t\t\t<div class=\"e-con-inner\">\n\t\t\t\t<div class=\"elementor-element elementor-element-b35b3f2 elementor-widget elementor-widget-text-editor\" data-id=\"b35b3f2\" data-element_type=\"widget\" data-widget_type=\"text-editor.default\">\n\t\t\t\t<div class=\"elementor-widget-container\">\n\t\t\t\t\t\t\t\t\t<div class=\"x78zum5 xdt5ytf x1t2pt76 x1n2onr6 x1ja2u2z x10cihs4\">\n<div class=\"x9f619 x1n2onr6 x1ja2u2z xdt5ytf x193iq5w xeuugli x1r8uery x1iyjqo2 xs83m0k x78zum5 x1t2pt76\" role=\"main\" aria-label=\"temp heading\">\n<div class=\"x78zum5 xdt5ytf x1iyjqo2 x1t2pt76 xeuugli x1n2onr6 x1ja2u2z\">\n<div class=\"x78zum5 xdt5ytf x1t2pt76\">\n<div class=\"x78zum5 xdt5ytf x1iyjqo2 x1t2pt76 xeuugli\">\n<div class=\"x78zum5 xdt5ytf x1t2pt76 x1n2onr6\" role=\"main\">\n<div class=\"x6s0dn4 x78zum5 xdt5ytf x193iq5w\">\n<div class=\"x9f619 x193iq5w x1talbiv x1sltb1f x3fxtfs xf7dkkf xv54qhq xw7yly9\">\n<div class=\"x9f619 x1ja2u2z x2lah0s x1n2onr6 x1qjc9v5 x78zum5 x1q0g3np x1a02dak xl56j7k x9otpla x1w5wx5t x1wsgfga x1qfufaz\">\n<div class=\"x9f619 x1n2onr6 x1ja2u2z xeuugli xs83m0k xjl7jj x1xmf6yo x1xegmmw x1e56ztr x13fj5qh x19h7ccj xu9j1y6 x7ep2pv\">\n<div>\n<div>\n<div>\n<div class=\"x1yztbdb x1n2onr6 xh8yej3 x1ja2u2z\">\n<div class=\"x1n2onr6 x1ja2u2z\">\n<div>\n<div>\n<div class=\"x1a2a7pz\" aria-posinset=\"2\" aria-describedby=\"_r_4v_ _r_50_ _r_51_ _r_53_ _r_52_\" aria-labelledby=\"_r_4u_\">\n<div class=\"x78zum5 xdt5ytf\" data-virtualized=\"false\">\n<div class=\"x9f619 x1n2onr6 x1ja2u2z\">\n<div class=\"html-div xdj266r x14z9mp xat24cr x1lziwak xexx8yu xyri2b x18d9i69 x1c1uobl x78zum5 x1n2onr6 xh8yej3\">\n<div class=\"x1n2onr6 x1ja2u2z x1jx94hy xw5cjc7 x1dmpuos x1vsv7so xau1kf4 x9f619 xh8yej3 x6ikm8r x10wlt62 xquyuld\">\n<div>\n<div class=\"html-div xdj266r x14z9mp xat24cr x1lziwak xexx8yu xyri2b x18d9i69 x1c1uobl\">\n<div class=\"html-div xdj266r x14z9mp xat24cr x1lziwak xexx8yu xyri2b x18d9i69 x1c1uobl\">\n<div class=\"html-div xdj266r x14z9mp xat24cr x1lziwak xexx8yu xyri2b x18d9i69 x1c1uobl\">\n<div class=\"html-div xdj266r x14z9mp xat24cr x1lziwak xexx8yu xyri2b x18d9i69 x1c1uobl\">\n<div class=\"html-div xdj266r x14z9mp xat24cr x1lziwak xexx8yu xyri2b x18d9i69 x1c1uobl\" dir=\"auto\">\n<div class=\"html-div xdj266r x14z9mp xat24cr x1lziwak xexx8yu xyri2b x18d9i69 x1c1uobl\" data-ad-rendering-role=\"story_message\">\n<div id=\"_r_50_\" class=\"x1l90r2v x1iorvi4 x1g0dm76 xpdmqnj\" data-ad-comet-preview=\"message\" data-ad-preview=\"message\">\n<div class=\"x78zum5 xdt5ytf xz62fqu x16ldp7u\">\n<div class=\"xu06os2 x1ok221b\">\n<div class=\"html-div xdj266r x14z9mp xat24cr x1lziwak xexx8yu xyri2b x18d9i69 x1c1uobl\">\n<div class=\"xdj266r x14z9mp xat24cr x1lziwak x1vvkbs x126k92a\">\n<h5 dir=\"auto\">C\u00e9line Couillon, maitresse de maison \u00e0<span class=\"html-span xdj266r x14z9mp xat24cr x1lziwak xexx8yu xyri2b x18d9i69 x1c1uobl x1hl2dhg x16tdsg8 x1vvkbs\"><a class=\"x1i10hfl xjbqb8w x1ejq31n x18oe1m7 x1sy0etr xstzfhl x972fbf x10w94by x1qhh985 x14e42zd x9f619 x1ypdohk xt0psk2 x3ct3a4 xdj266r x14z9mp xat24cr x1lziwak xexx8yu xyri2b x18d9i69 x1c1uobl x16tdsg8 x1hl2dhg xggy1nq x1a2a7pz xkrqix3 x1sur9pj x1fey0fg x1s688f\" tabindex=\"0\" role=\"link\" href=\"https:\/\/www.facebook.com\/profile.php?id=100064516251630&amp;__cft__[0]=AZWNIdk2sTaxfYDeUo_spqfJkxQXaOryk08JYBPc5pNS77qvJ16H70OkLXwp4-ybspEf0T4CMpsgTX4KoiY6WRjwmZ00ulsoqBt66IFywNHpmWCpeChIX9yS9RHo4lq37tgUK6NENzIQWFXwFoOr1KEtTyREmDytbvdLqqdGiPZPxrwWMMDXw1ue7LJMkKfhWNardGawrm-eFjfMJjrTts6r&amp;__tn__=-]K-R\"><span class=\"xt0psk2\"><span class=\"xjp7ctv\"> RESTAURANT LA MARINE-NOIRMOUTIER<\/span><\/span><\/a><\/span>, 3 \u00e9toiles Michelin<\/h5>\n<\/div>\n<\/div>\n<\/div>\n<\/div>\n<\/div>\n<\/div>\n<\/div>\n<\/div>\n<\/div>\n<\/div>\n<\/div>\n<\/div>\n<\/div>\n<\/div>\n<\/div>\n<\/div>\n<\/div>\n<\/div>\n<\/div>\n<\/div>\n<\/div>\n<\/div>\n<\/div>\n<\/div>\n<\/div>\n<\/div>\n<\/div>\n<\/div>\n<\/div>\n<\/div>\n<\/div>\n<\/div>\n<\/div>\n<\/div>\t\t\t\t\t\t\t\t<\/div>\n\t\t\t\t<\/div>\n\t\t\t\t<div class=\"elementor-element elementor-element-4062ac4 elementor-widget elementor-widget-image\" data-id=\"4062ac4\" data-element_type=\"widget\" data-widget_type=\"image.default\">\n\t\t\t\t<div class=\"elementor-widget-container\">\n\t\t\t\t\t\t\t\t\t\t\t\t\t\t\t<img loading=\"lazy\" decoding=\"async\" width=\"580\" height=\"773\" src=\"https:\/\/www.maitresdhotelworldcup2026.com\/wp-content\/uploads\/2025\/10\/IMG_4646-768x1024.jpg\" class=\"attachment-large size-large wp-image-683\" alt=\"\" srcset=\"https:\/\/www.maitresdhotelworldcup2026.com\/wp-content\/uploads\/2025\/10\/IMG_4646-768x1024.jpg 768w, https:\/\/www.maitresdhotelworldcup2026.com\/wp-content\/uploads\/2025\/10\/IMG_4646-225x300.jpg 225w, https:\/\/www.maitresdhotelworldcup2026.com\/wp-content\/uploads\/2025\/10\/IMG_4646-1152x1536.jpg 1152w, https:\/\/www.maitresdhotelworldcup2026.com\/wp-content\/uploads\/2025\/10\/IMG_4646-1536x2048.jpg 1536w, https:\/\/www.maitresdhotelworldcup2026.com\/wp-content\/uploads\/2025\/10\/IMG_4646-1200x1600.jpg 1200w, https:\/\/www.maitresdhotelworldcup2026.com\/wp-content\/uploads\/2025\/10\/IMG_4646-1980x2640.jpg 1980w, https:\/\/www.maitresdhotelworldcup2026.com\/wp-content\/uploads\/2025\/10\/IMG_4646-scaled.jpg 1920w\" sizes=\"(max-width: 580px) 100vw, 580px\" \/>\t\t\t\t\t\t\t\t\t\t\t\t\t\t\t<\/div>\n\t\t\t\t<\/div>\n\t\t\t\t\t<\/div>\n\t\t\t\t<\/div>\n\t\t\t\t<\/div>\n\t\t","protected":false},"excerpt":{"rendered":"<p>Lo\u00efc Gl\u00e9varec, Meilleur Ouvrier de France Ma\u00eetre d&rsquo;H\u00f4tel, Responsable accueil VIP et r\u00e9ceptions au Ch\u00e2teau de Bagnolet Hennessy Didier Galopin, Meilleur Ouvrier de France Ma\u00eetre d&rsquo;H\u00f4tel, Pr\u00e9sident de l&rsquo;Association des MOF Ma\u00eetres d&rsquo;h\u00f4tel @A.M.O.F.M.H Flavien Berlaud, Meilleur Ouvrier de France Ma\u00eetre d&rsquo;H\u00f4tel, Ma\u00eetre d&rsquo;h\u00f4tel au Ch\u00e2teau de Bagnolet Hennessy Nicolas Brossard, propri\u00e9taire &amp; directeur Restaurant [&hellip;]<\/p>\n","protected":false},"author":1,"featured_media":0,"parent":0,"menu_order":0,"comment_status":"closed","ping_status":"closed","template":"","meta":{"footnotes":""},"class_list":["post-671","page","type-page","status-publish","hentry"],"_links":{"self":[{"href":"https:\/\/www.maitresdhotelworldcup2026.com\/index.php\/wp-json\/wp\/v2\/pages\/671","targetHints":{"allow":["GET"]}}],"collection":[{"href":"https:\/\/www.maitresdhotelworldcup2026.com\/index.php\/wp-json\/wp\/v2\/pages"}],"about":[{"href":"https:\/\/www.maitresdhotelworldcup2026.com\/index.php\/wp-json\/wp\/v2\/types\/page"}],"author":[{"embeddable":true,"href":"https:\/\/www.maitresdhotelworldcup2026.com\/index.php\/wp-json\/wp\/v2\/users\/1"}],"replies":[{"embeddable":true,"href":"https:\/\/www.maitresdhotelworldcup2026.com\/index.php\/wp-json\/wp\/v2\/comments?post=671"}],"version-history":[{"count":4,"href":"https:\/\/www.maitresdhotelworldcup2026.com\/index.php\/wp-json\/wp\/v2\/pages\/671\/revisions"}],"predecessor-version":[{"id":686,"href":"https:\/\/www.maitresdhotelworldcup2026.com\/index.php\/wp-json\/wp\/v2\/pages\/671\/revisions\/686"}],"wp:attachment":[{"href":"https:\/\/www.maitresdhotelworldcup2026.com\/index.php\/wp-json\/wp\/v2\/media?parent=671"}],"curies":[{"name":"wp","href":"https:\/\/api.w.org\/{rel}","templated":true}]}}