{"id":512,"date":"2025-06-13T08:45:18","date_gmt":"2025-06-13T06:45:18","guid":{"rendered":"https:\/\/www.maitresdhotelworldcup2026.com\/?page_id=512"},"modified":"2025-11-14T14:39:25","modified_gmt":"2025-11-14T13:39:25","slug":"les-selections-dans-les-autres-pays","status":"publish","type":"page","link":"https:\/\/www.maitresdhotelworldcup2026.com\/index.php\/les-selections-dans-les-autres-pays\/","title":{"rendered":"Selections in other countries"},"content":{"rendered":"\t\t<div data-elementor-type=\"wp-page\" data-elementor-id=\"512\" class=\"elementor elementor-512\">\n\t\t\t\t<div class=\"elementor-element elementor-element-1228701e e-flex e-con-boxed e-con e-parent\" data-id=\"1228701e\" data-element_type=\"container\">\n\t\t\t\t\t<div class=\"e-con-inner\">\n\t\t\t\t<div class=\"elementor-element elementor-element-242f5a80 elementor-widget elementor-widget-text-editor\" data-id=\"242f5a80\" data-element_type=\"widget\" data-widget_type=\"text-editor.default\">\n\t\t\t\t<div class=\"elementor-widget-container\">\n\t\t\t\t\t\t\t\t\t<h2 class=\"wp-block-heading\">La Suisse &#8211; Switzerland<\/h2>\n<p><!-- \/wp:heading --><!-- wp:media-text {\"mediaId\":550,\"mediaLink\":\"https:\/\/www.maitresdhotelworldcup2026.com\/index.php\/les-selections-dans-les-autres-pays\/ehl\/\",\"mediaType\":\"image\"} --><\/p>\n<div class=\"wp-block-media-text is-stacked-on-mobile\">\n<figure class=\"wp-block-media-text__media\"><img fetchpriority=\"high\" decoding=\"async\" width=\"739\" height=\"426\" class=\"wp-image-550 size-full\" src=\"https:\/\/www.maitresdhotelworldcup2026.com\/wp-content\/uploads\/2025\/06\/ehl.jpg\" alt=\"\" srcset=\"https:\/\/www.maitresdhotelworldcup2026.com\/wp-content\/uploads\/2025\/06\/ehl.jpg 739w, https:\/\/www.maitresdhotelworldcup2026.com\/wp-content\/uploads\/2025\/06\/ehl-300x173.jpg 300w\" sizes=\"(max-width: 739px) 100vw, 739px\" \/><\/figure>\n<div class=\"wp-block-media-text__content\">\n<p><!-- wp:paragraph --><\/p>\n<p><a href=\"https:\/\/www.ehlgroup.com\/fr\/contest\/art-of-service-trophy-2026\">https:\/\/www.ehlgroup.com\/fr\/contest\/art-of-service-trophy-2026<\/a><\/p>\n<p><!-- \/wp:paragraph --><\/p>\n<\/div>\n<\/div>\n<p><!-- \/wp:media-text --><!-- wp:heading --><\/p>\n<h2 class=\"wp-block-heading\">La Belgique &#8211; Belgium<\/h2>\n<p><!-- \/wp:heading --><!-- wp:media-text {\"mediaPosition\":\"right\",\"mediaId\":613,\"mediaLink\":\"https:\/\/www.maitresdhotelworldcup2026.com\/index.php\/les-selections-dans-les-autres-pays\/belgique\/\",\"mediaType\":\"image\"} --><\/p>\n<div class=\"wp-block-media-text has-media-on-the-right is-stacked-on-mobile\">\n<div class=\"wp-block-media-text__content\">\n<p><!-- wp:paragraph {\"placeholder\":\"Contenu\u2026\"} --><\/p>\n<p><a href=\"https:\/\/federation-tablemasters.be\/1st-ma-tre-d-h-tel-van-belgi\/1st.-ma-tre-d-h-tel-of-belgium\/\">https:\/\/federation-tablemasters.be\/1st-ma-tre-d-h-tel-van-belgi\/1st.-ma-tre-d-h-tel-of-belgium\/<\/a><\/p>\n<p><!-- \/wp:paragraph --><\/p>\n<\/div>\n<figure class=\"wp-block-media-text__media\"><img decoding=\"async\" width=\"1024\" height=\"427\" class=\"wp-image-613 size-full\" src=\"https:\/\/www.maitresdhotelworldcup2026.com\/wp-content\/uploads\/2025\/07\/Belgique-1024x427.jpg\" alt=\"\" srcset=\"https:\/\/www.maitresdhotelworldcup2026.com\/wp-content\/uploads\/2025\/07\/Belgique-1024x427.jpg 1024w, https:\/\/www.maitresdhotelworldcup2026.com\/wp-content\/uploads\/2025\/07\/Belgique-300x125.jpg 300w, https:\/\/www.maitresdhotelworldcup2026.com\/wp-content\/uploads\/2025\/07\/Belgique-768x321.jpg 768w, https:\/\/www.maitresdhotelworldcup2026.com\/wp-content\/uploads\/2025\/07\/Belgique-1200x501.jpg 1200w, https:\/\/www.maitresdhotelworldcup2026.com\/wp-content\/uploads\/2025\/07\/Belgique.jpg 1349w\" sizes=\"(max-width: 1024px) 100vw, 1024px\" \/>\n<p>\u00a0<\/p>\n<p>Lundi dernier, les s\u00e9lections pour le Mondial ont eu lieu au sein de la Fetam.<\/p>\n<p>Les candidats ont \u00e9t\u00e9 confront\u00e9s \u00e0 5 \u00e9preuves (\u00e9crit \u2013 sommellerie \u2013 d\u00e9coupe \u2013 \u00e9tiquette \u2013 cr\u00e9ation de salle \u00e0 base de sak\u00e9).<\/p>\n<p>\u00c0 l\u2019issue de ces \u00e9preuves tr\u00e8s serr\u00e9es, le jury a d\u00e9sign\u00e9 le candidat qui repr\u00e9sentera la Belgique \u00e0 Tokyo en 2026.<\/p>\n<p>Il s\u2019agit de\u00a0<b>Andy De Brouwer<img decoding=\"async\" class=\"alignnone wp-image-653 size-full\" src=\"https:\/\/www.maitresdhotelworldcup2026.com\/wp-content\/uploads\/2025\/09\/telecharger.png\" alt=\"\" width=\"181\" height=\"279\" \/><\/b><\/p>\n<p>\u00a0<\/p>\n<\/figure>\n<\/div>\n<h2 class=\"wp-block-heading\">L&rsquo;Italie &#8211; Italy<\/h2>\n<p><a href=\"https:\/\/www.repubblica.it\/il-gusto\/dossier\/merano-wine-festival-2025\/2025\/11\/13\/news\/emergente_sala_ecco_chi_sono_i_migliori_del_nord-424977915\/\"><img loading=\"lazy\" decoding=\"async\" class=\"alignnone size-medium wp-image-726\" src=\"https:\/\/www.maitresdhotelworldcup2026.com\/wp-content\/uploads\/2025\/11\/Italie-300x232.jpg\" alt=\"\" width=\"300\" height=\"232\" srcset=\"https:\/\/www.maitresdhotelworldcup2026.com\/wp-content\/uploads\/2025\/11\/Italie-300x232.jpg 300w, https:\/\/www.maitresdhotelworldcup2026.com\/wp-content\/uploads\/2025\/11\/Italie.jpg 737w\" sizes=\"(max-width: 300px) 100vw, 300px\" \/><\/a><\/p>\n<p style=\"text-align: center;\">https:\/\/www.facebook.com\/share\/1D6hBabPZk\/<\/p>\n<div><a href=\"https:\/\/www.thewaymagazine.it\/targets\/emergente-2025-a-monza-si-premiano-i-talenti-della-sala\/\" target=\"_blank\" rel=\"noopener\"><img loading=\"lazy\" decoding=\"async\" class=\"aligncenter wp-image-645 size-large\" src=\"https:\/\/www.maitresdhotelworldcup2026.com\/wp-content\/uploads\/2025\/09\/EMERGENTE_SALA-1024x241.jpg\" alt=\"\" width=\"580\" height=\"137\" srcset=\"https:\/\/www.maitresdhotelworldcup2026.com\/wp-content\/uploads\/2025\/09\/EMERGENTE_SALA-1024x241.jpg 1024w, https:\/\/www.maitresdhotelworldcup2026.com\/wp-content\/uploads\/2025\/09\/EMERGENTE_SALA-300x71.jpg 300w, https:\/\/www.maitresdhotelworldcup2026.com\/wp-content\/uploads\/2025\/09\/EMERGENTE_SALA-768x181.jpg 768w, https:\/\/www.maitresdhotelworldcup2026.com\/wp-content\/uploads\/2025\/09\/EMERGENTE_SALA-1536x362.jpg 1536w, https:\/\/www.maitresdhotelworldcup2026.com\/wp-content\/uploads\/2025\/09\/EMERGENTE_SALA-2048x483.jpg 2048w, https:\/\/www.maitresdhotelworldcup2026.com\/wp-content\/uploads\/2025\/09\/EMERGENTE_SALA-1200x283.jpg 1200w, https:\/\/www.maitresdhotelworldcup2026.com\/wp-content\/uploads\/2025\/09\/EMERGENTE_SALA-1980x467.jpg 1980w\" sizes=\"(max-width: 580px) 100vw, 580px\" \/><\/a><\/div>\n<p><!-- \/wp:heading --><!-- wp:heading --><\/p>\n<h2 class=\"wp-block-heading\">L&rsquo;Espagne &#8211; Spain<\/h2>\n<p><!-- \/wp:heading --><!-- wp:heading --><\/p>\n<h2 class=\"wp-block-heading\">Le Japon &#8211; Japan<\/h2>\n<p><!-- \/wp:heading --><!-- wp:image {\"id\":513,\"sizeSlug\":\"full\",\"linkDestination\":\"none\"} --><\/p>\n<figure class=\"wp-block-image size-full\"><img loading=\"lazy\" decoding=\"async\" width=\"710\" height=\"506\" class=\"wp-image-513\" src=\"https:\/\/www.maitresdhotelworldcup2026.com\/wp-content\/uploads\/2025\/06\/bientot-disponible.png\" alt=\"\" srcset=\"https:\/\/www.maitresdhotelworldcup2026.com\/wp-content\/uploads\/2025\/06\/bientot-disponible.png 710w, https:\/\/www.maitresdhotelworldcup2026.com\/wp-content\/uploads\/2025\/06\/bientot-disponible-300x214.png 300w\" sizes=\"(max-width: 710px) 100vw, 710px\" \/><\/figure>\n<p><!-- \/wp:image --><!-- wp:paragraph --><\/p>\n<p><!-- \/wp:paragraph --><\/p>\t\t\t\t\t\t\t\t<\/div>\n\t\t\t\t<\/div>\n\t\t\t\t\t<\/div>\n\t\t\t\t<\/div>\n\t\t\t\t<\/div>\n\t\t","protected":false},"excerpt":{"rendered":"<p>La Suisse &#8211; Switzerland https:\/\/www.ehlgroup.com\/fr\/contest\/art-of-service-trophy-2026 La Belgique &#8211; Belgium https:\/\/federation-tablemasters.be\/1st-ma-tre-d-h-tel-van-belgi\/1st.-ma-tre-d-h-tel-of-belgium\/ \u00a0 Lundi dernier, les s\u00e9lections pour le Mondial ont eu lieu au sein de la Fetam. Les candidats ont \u00e9t\u00e9 confront\u00e9s \u00e0 5 \u00e9preuves (\u00e9crit \u2013 sommellerie \u2013 d\u00e9coupe \u2013 \u00e9tiquette \u2013 cr\u00e9ation de salle \u00e0 base de sak\u00e9). \u00c0 l\u2019issue de ces \u00e9preuves tr\u00e8s [&hellip;]<\/p>\n","protected":false},"author":1,"featured_media":0,"parent":0,"menu_order":0,"comment_status":"closed","ping_status":"closed","template":"templates\/template-full-width.php","meta":{"footnotes":""},"class_list":["post-512","page","type-page","status-publish","hentry"],"_links":{"self":[{"href":"https:\/\/www.maitresdhotelworldcup2026.com\/index.php\/wp-json\/wp\/v2\/pages\/512","targetHints":{"allow":["GET"]}}],"collection":[{"href":"https:\/\/www.maitresdhotelworldcup2026.com\/index.php\/wp-json\/wp\/v2\/pages"}],"about":[{"href":"https:\/\/www.maitresdhotelworldcup2026.com\/index.php\/wp-json\/wp\/v2\/types\/page"}],"author":[{"embeddable":true,"href":"https:\/\/www.maitresdhotelworldcup2026.com\/index.php\/wp-json\/wp\/v2\/users\/1"}],"replies":[{"embeddable":true,"href":"https:\/\/www.maitresdhotelworldcup2026.com\/index.php\/wp-json\/wp\/v2\/comments?post=512"}],"version-history":[{"count":26,"href":"https:\/\/www.maitresdhotelworldcup2026.com\/index.php\/wp-json\/wp\/v2\/pages\/512\/revisions"}],"predecessor-version":[{"id":733,"href":"https:\/\/www.maitresdhotelworldcup2026.com\/index.php\/wp-json\/wp\/v2\/pages\/512\/revisions\/733"}],"wp:attachment":[{"href":"https:\/\/www.maitresdhotelworldcup2026.com\/index.php\/wp-json\/wp\/v2\/media?parent=512"}],"curies":[{"name":"wp","href":"https:\/\/api.w.org\/{rel}","templated":true}]}}