{"id":26,"date":"2025-05-26T14:39:35","date_gmt":"2025-05-26T12:39:35","guid":{"rendered":"http:\/\/www.maitresdhotelworldcup2026.com\/?page_id=26"},"modified":"2025-11-27T14:05:12","modified_gmt":"2025-11-27T13:05:12","slug":"portraits-des-12-finalistes","status":"publish","type":"page","link":"https:\/\/www.maitresdhotelworldcup2026.com\/index.php\/portraits-des-12-finalistes\/","title":{"rendered":"Portraits des 12 finalistes fran\u00e7ais"},"content":{"rendered":"\t\t<div data-elementor-type=\"wp-page\" data-elementor-id=\"26\" class=\"elementor elementor-26\">\n\t\t\t\t<div class=\"elementor-element elementor-element-ec9ba8e e-flex e-con-boxed e-con e-parent\" data-id=\"ec9ba8e\" data-element_type=\"container\">\n\t\t\t\t\t<div class=\"e-con-inner\">\n\t\t\t\t<div class=\"elementor-element elementor-element-8649d17 elementor-position-left elementor-vertical-align-middle elementor-widget elementor-widget-image-box\" data-id=\"8649d17\" data-element_type=\"widget\" data-widget_type=\"image-box.default\">\n\t\t\t\t<div class=\"elementor-widget-container\">\n\t\t\t\t\t<div class=\"elementor-image-box-wrapper\"><figure class=\"elementor-image-box-img\"><img fetchpriority=\"high\" decoding=\"async\" width=\"1476\" height=\"2048\" src=\"https:\/\/www.maitresdhotelworldcup2026.com\/wp-content\/uploads\/2025\/05\/IMG_3394-1.jpeg\" class=\"attachment-full size-full wp-image-110\" alt=\"\" srcset=\"https:\/\/www.maitresdhotelworldcup2026.com\/wp-content\/uploads\/2025\/05\/IMG_3394-1.jpeg 1476w, https:\/\/www.maitresdhotelworldcup2026.com\/wp-content\/uploads\/2025\/05\/IMG_3394-1-216x300.jpeg 216w, https:\/\/www.maitresdhotelworldcup2026.com\/wp-content\/uploads\/2025\/05\/IMG_3394-1-738x1024.jpeg 738w, https:\/\/www.maitresdhotelworldcup2026.com\/wp-content\/uploads\/2025\/05\/IMG_3394-1-768x1066.jpeg 768w, https:\/\/www.maitresdhotelworldcup2026.com\/wp-content\/uploads\/2025\/05\/IMG_3394-1-1107x1536.jpeg 1107w\" sizes=\"(max-width: 1476px) 100vw, 1476px\" \/><\/figure><div class=\"elementor-image-box-content\"><h3 class=\"elementor-image-box-title\">Justine TARDY<\/h3><p class=\"elementor-image-box-description\">Formatrice en restaurant au CIFA \u00e0 Auxerre<br>Meilleure Apprentie de France Arts de la Table 2018\n\n\n\n<\/p><\/div><\/div>\t\t\t\t<\/div>\n\t\t\t\t<\/div>\n\t\t\t\t<div class=\"elementor-element elementor-element-c081687 elementor-position-right elementor-vertical-align-middle elementor-widget elementor-widget-image-box\" data-id=\"c081687\" data-element_type=\"widget\" data-widget_type=\"image-box.default\">\n\t\t\t\t<div class=\"elementor-widget-container\">\n\t\t\t\t\t<div class=\"elementor-image-box-wrapper\"><figure class=\"elementor-image-box-img\"><img decoding=\"async\" width=\"1537\" height=\"2048\" src=\"https:\/\/www.maitresdhotelworldcup2026.com\/wp-content\/uploads\/2025\/05\/IMG_3395-1.jpeg\" class=\"attachment-full size-full wp-image-111\" alt=\"\" srcset=\"https:\/\/www.maitresdhotelworldcup2026.com\/wp-content\/uploads\/2025\/05\/IMG_3395-1.jpeg 1537w, https:\/\/www.maitresdhotelworldcup2026.com\/wp-content\/uploads\/2025\/05\/IMG_3395-1-225x300.jpeg 225w, https:\/\/www.maitresdhotelworldcup2026.com\/wp-content\/uploads\/2025\/05\/IMG_3395-1-769x1024.jpeg 769w, https:\/\/www.maitresdhotelworldcup2026.com\/wp-content\/uploads\/2025\/05\/IMG_3395-1-768x1023.jpeg 768w, https:\/\/www.maitresdhotelworldcup2026.com\/wp-content\/uploads\/2025\/05\/IMG_3395-1-1153x1536.jpeg 1153w\" sizes=\"(max-width: 1537px) 100vw, 1537px\" \/><\/figure><div class=\"elementor-image-box-content\"><h3 class=\"elementor-image-box-title\">Dylan WERNER<\/h3><p class=\"elementor-image-box-description\">Ma\u00eetre d\u2019h\u00f4tel Les exp\u00e9riences de Taillevent<br>Champion du Monde Service en Restauration 2022<br>Meilleur Apprenti de France Arts de la Table 2018<\/p><\/div><\/div>\t\t\t\t<\/div>\n\t\t\t\t<\/div>\n\t\t\t\t<div class=\"elementor-element elementor-element-3cfc30d elementor-position-left elementor-vertical-align-middle elementor-widget elementor-widget-image-box\" data-id=\"3cfc30d\" data-element_type=\"widget\" data-widget_type=\"image-box.default\">\n\t\t\t\t<div class=\"elementor-widget-container\">\n\t\t\t\t\t<div class=\"elementor-image-box-wrapper\"><figure class=\"elementor-image-box-img\"><img decoding=\"async\" width=\"1142\" height=\"1348\" src=\"https:\/\/www.maitresdhotelworldcup2026.com\/wp-content\/uploads\/2025\/05\/IMG_3396.jpeg\" class=\"attachment-full size-full wp-image-73\" alt=\"\" srcset=\"https:\/\/www.maitresdhotelworldcup2026.com\/wp-content\/uploads\/2025\/05\/IMG_3396.jpeg 1142w, https:\/\/www.maitresdhotelworldcup2026.com\/wp-content\/uploads\/2025\/05\/IMG_3396-254x300.jpeg 254w, https:\/\/www.maitresdhotelworldcup2026.com\/wp-content\/uploads\/2025\/05\/IMG_3396-868x1024.jpeg 868w, https:\/\/www.maitresdhotelworldcup2026.com\/wp-content\/uploads\/2025\/05\/IMG_3396-768x907.jpeg 768w\" sizes=\"(max-width: 1142px) 100vw, 1142px\" \/><\/figure><div class=\"elementor-image-box-content\"><h3 class=\"elementor-image-box-title\">Adrien ANDRES<\/h3><p class=\"elementor-image-box-description\">Formateur en restaurant au CEFPPA Adrien Zeller<br>M\u00e9daille de Bronze Coupe George Baptiste 2025<\/p><\/div><\/div>\t\t\t\t<\/div>\n\t\t\t\t<\/div>\n\t\t\t\t<div class=\"elementor-element elementor-element-66ceb5a elementor-position-right elementor-vertical-align-middle elementor-widget elementor-widget-image-box\" data-id=\"66ceb5a\" data-element_type=\"widget\" data-widget_type=\"image-box.default\">\n\t\t\t\t<div class=\"elementor-widget-container\">\n\t\t\t\t\t<div class=\"elementor-image-box-wrapper\"><figure class=\"elementor-image-box-img\"><img loading=\"lazy\" decoding=\"async\" width=\"1365\" height=\"2048\" src=\"https:\/\/www.maitresdhotelworldcup2026.com\/wp-content\/uploads\/2025\/05\/IMG_3397.jpeg\" class=\"attachment-full size-full wp-image-74\" alt=\"\" srcset=\"https:\/\/www.maitresdhotelworldcup2026.com\/wp-content\/uploads\/2025\/05\/IMG_3397.jpeg 1365w, https:\/\/www.maitresdhotelworldcup2026.com\/wp-content\/uploads\/2025\/05\/IMG_3397-200x300.jpeg 200w, https:\/\/www.maitresdhotelworldcup2026.com\/wp-content\/uploads\/2025\/05\/IMG_3397-683x1024.jpeg 683w, https:\/\/www.maitresdhotelworldcup2026.com\/wp-content\/uploads\/2025\/05\/IMG_3397-768x1152.jpeg 768w, https:\/\/www.maitresdhotelworldcup2026.com\/wp-content\/uploads\/2025\/05\/IMG_3397-1024x1536.jpeg 1024w\" sizes=\"(max-width: 1365px) 100vw, 1365px\" \/><\/figure><div class=\"elementor-image-box-content\"><h3 class=\"elementor-image-box-title\">Stephen GUYARD<\/h3><p class=\"elementor-image-box-description\">Directeur de salle \u00ab Fleur de Loire \u00bb 2 \u00e9toiles Michelin \u00e0 Blois<br>Laur\u00e9at de la Coupe George Baptiste 2023<\/p><\/div><\/div>\t\t\t\t<\/div>\n\t\t\t\t<\/div>\n\t\t\t\t<div class=\"elementor-element elementor-element-ebf85b4 elementor-position-left elementor-vertical-align-middle elementor-widget elementor-widget-image-box\" data-id=\"ebf85b4\" data-element_type=\"widget\" data-widget_type=\"image-box.default\">\n\t\t\t\t<div class=\"elementor-widget-container\">\n\t\t\t\t\t<div class=\"elementor-image-box-wrapper\"><figure class=\"elementor-image-box-img\"><img loading=\"lazy\" decoding=\"async\" width=\"1089\" height=\"1600\" src=\"https:\/\/www.maitresdhotelworldcup2026.com\/wp-content\/uploads\/2025\/05\/IMG_3398.jpeg\" class=\"attachment-full size-full wp-image-75\" alt=\"\" srcset=\"https:\/\/www.maitresdhotelworldcup2026.com\/wp-content\/uploads\/2025\/05\/IMG_3398.jpeg 1089w, https:\/\/www.maitresdhotelworldcup2026.com\/wp-content\/uploads\/2025\/05\/IMG_3398-204x300.jpeg 204w, https:\/\/www.maitresdhotelworldcup2026.com\/wp-content\/uploads\/2025\/05\/IMG_3398-697x1024.jpeg 697w, https:\/\/www.maitresdhotelworldcup2026.com\/wp-content\/uploads\/2025\/05\/IMG_3398-768x1128.jpeg 768w, https:\/\/www.maitresdhotelworldcup2026.com\/wp-content\/uploads\/2025\/05\/IMG_3398-1045x1536.jpeg 1045w\" sizes=\"(max-width: 1089px) 100vw, 1089px\" \/><\/figure><div class=\"elementor-image-box-content\"><h3 class=\"elementor-image-box-title\">Christophe BARON<\/h3><p class=\"elementor-image-box-description\">Professeur de restaurant \u00e0 Nantes<br>Double finaliste du concours Un des Meilleurs Ouvriers de France en 2019 et 2023\n\n\n\n\n\n\n\n\n\n\n<\/p><\/div><\/div>\t\t\t\t<\/div>\n\t\t\t\t<\/div>\n\t\t\t\t<div class=\"elementor-element elementor-element-7f562fa elementor-position-right elementor-vertical-align-middle elementor-widget elementor-widget-image-box\" data-id=\"7f562fa\" data-element_type=\"widget\" data-widget_type=\"image-box.default\">\n\t\t\t\t<div class=\"elementor-widget-container\">\n\t\t\t\t\t<div class=\"elementor-image-box-wrapper\"><figure class=\"elementor-image-box-img\"><img loading=\"lazy\" decoding=\"async\" width=\"1365\" height=\"2048\" src=\"https:\/\/www.maitresdhotelworldcup2026.com\/wp-content\/uploads\/2025\/05\/IMG_3399.jpeg\" class=\"attachment-full size-full wp-image-76\" alt=\"\" srcset=\"https:\/\/www.maitresdhotelworldcup2026.com\/wp-content\/uploads\/2025\/05\/IMG_3399.jpeg 1365w, https:\/\/www.maitresdhotelworldcup2026.com\/wp-content\/uploads\/2025\/05\/IMG_3399-200x300.jpeg 200w, https:\/\/www.maitresdhotelworldcup2026.com\/wp-content\/uploads\/2025\/05\/IMG_3399-683x1024.jpeg 683w, https:\/\/www.maitresdhotelworldcup2026.com\/wp-content\/uploads\/2025\/05\/IMG_3399-768x1152.jpeg 768w, https:\/\/www.maitresdhotelworldcup2026.com\/wp-content\/uploads\/2025\/05\/IMG_3399-1024x1536.jpeg 1024w\" sizes=\"(max-width: 1365px) 100vw, 1365px\" \/><\/figure><div class=\"elementor-image-box-content\"><h3 class=\"elementor-image-box-title\">Madeline FOURMENT<\/h3><p class=\"elementor-image-box-description\">Ma\u00eetre d\u2019h\u00f4tel \u00ab H\u00f4tel le Normandy \u00bb \u00e0 Deauville<br>Finaliste de la Coupe George Baptiste en 2025\n\n\n\n\n\n\n\n\n<\/p><\/div><\/div>\t\t\t\t<\/div>\n\t\t\t\t<\/div>\n\t\t\t\t<div class=\"elementor-element elementor-element-22eae06 elementor-position-left elementor-vertical-align-middle elementor-widget elementor-widget-image-box\" data-id=\"22eae06\" data-element_type=\"widget\" data-widget_type=\"image-box.default\">\n\t\t\t\t<div class=\"elementor-widget-container\">\n\t\t\t\t\t<div class=\"elementor-image-box-wrapper\"><figure class=\"elementor-image-box-img\"><img loading=\"lazy\" decoding=\"async\" width=\"1038\" height=\"1600\" src=\"https:\/\/www.maitresdhotelworldcup2026.com\/wp-content\/uploads\/2025\/05\/IMG_3400.jpeg\" class=\"attachment-full size-full wp-image-116\" alt=\"\" srcset=\"https:\/\/www.maitresdhotelworldcup2026.com\/wp-content\/uploads\/2025\/05\/IMG_3400.jpeg 1038w, https:\/\/www.maitresdhotelworldcup2026.com\/wp-content\/uploads\/2025\/05\/IMG_3400-195x300.jpeg 195w, https:\/\/www.maitresdhotelworldcup2026.com\/wp-content\/uploads\/2025\/05\/IMG_3400-664x1024.jpeg 664w, https:\/\/www.maitresdhotelworldcup2026.com\/wp-content\/uploads\/2025\/05\/IMG_3400-768x1184.jpeg 768w, https:\/\/www.maitresdhotelworldcup2026.com\/wp-content\/uploads\/2025\/05\/IMG_3400-996x1536.jpeg 996w\" sizes=\"(max-width: 1038px) 100vw, 1038px\" \/><\/figure><div class=\"elementor-image-box-content\"><h3 class=\"elementor-image-box-title\">Florian DAVID<\/h3><p class=\"elementor-image-box-description\">Responsable de salle au \u00ab Chabichou \u00bb \u00e0 Courchevel<br>Laur\u00e9at de la Coupe George Baptiste 2024<br>Troph\u00e9e d\u2019Argent au troph\u00e9e du Maitre d\u2019H\u00f4tel 2025\n\n\n\n\n\n\n\n\n\n\n<\/p><\/div><\/div>\t\t\t\t<\/div>\n\t\t\t\t<\/div>\n\t\t\t\t<div class=\"elementor-element elementor-element-7d8b174 elementor-position-right elementor-vertical-align-middle elementor-widget elementor-widget-image-box\" data-id=\"7d8b174\" data-element_type=\"widget\" data-widget_type=\"image-box.default\">\n\t\t\t\t<div class=\"elementor-widget-container\">\n\t\t\t\t\t<div class=\"elementor-image-box-wrapper\"><figure class=\"elementor-image-box-img\"><img loading=\"lazy\" decoding=\"async\" width=\"1363\" height=\"2048\" src=\"https:\/\/www.maitresdhotelworldcup2026.com\/wp-content\/uploads\/2025\/05\/IMG_3401.jpeg\" class=\"attachment-full size-full wp-image-117\" alt=\"\" srcset=\"https:\/\/www.maitresdhotelworldcup2026.com\/wp-content\/uploads\/2025\/05\/IMG_3401.jpeg 1363w, https:\/\/www.maitresdhotelworldcup2026.com\/wp-content\/uploads\/2025\/05\/IMG_3401-200x300.jpeg 200w, https:\/\/www.maitresdhotelworldcup2026.com\/wp-content\/uploads\/2025\/05\/IMG_3401-682x1024.jpeg 682w, https:\/\/www.maitresdhotelworldcup2026.com\/wp-content\/uploads\/2025\/05\/IMG_3401-768x1154.jpeg 768w, https:\/\/www.maitresdhotelworldcup2026.com\/wp-content\/uploads\/2025\/05\/IMG_3401-1022x1536.jpeg 1022w\" sizes=\"(max-width: 1363px) 100vw, 1363px\" \/><\/figure><div class=\"elementor-image-box-content\"><h3 class=\"elementor-image-box-title\">C\u00e9dric COVAREL<\/h3><p class=\"elementor-image-box-description\">Maitre d'h\u00f4tel \u00e0 la \u00ab Pyramide \u00bb \u00e0 Vienne, 2 \u00e9toiles Michelin<br>Laur\u00e9at de la Coupe George Baptiste 2025\n\n\n\n\n\n\n\n\n\n<\/p><\/div><\/div>\t\t\t\t<\/div>\n\t\t\t\t<\/div>\n\t\t\t\t\t<\/div>\n\t\t\t\t<\/div>\n\t\t<div class=\"elementor-element elementor-element-68abe90 e-flex e-con-boxed e-con e-parent\" data-id=\"68abe90\" data-element_type=\"container\">\n\t\t\t\t\t<div class=\"e-con-inner\">\n\t\t\t\t<div class=\"elementor-element elementor-element-a441f8d elementor-position-left elementor-vertical-align-middle elementor-widget elementor-widget-image-box\" data-id=\"a441f8d\" data-element_type=\"widget\" data-widget_type=\"image-box.default\">\n\t\t\t\t<div class=\"elementor-widget-container\">\n\t\t\t\t\t<div class=\"elementor-image-box-wrapper\"><figure class=\"elementor-image-box-img\"><img loading=\"lazy\" decoding=\"async\" width=\"515\" height=\"601\" src=\"https:\/\/www.maitresdhotelworldcup2026.com\/wp-content\/uploads\/2025\/11\/Y-Hermet-2.jpg\" class=\"attachment-full size-full wp-image-742\" alt=\"\" srcset=\"https:\/\/www.maitresdhotelworldcup2026.com\/wp-content\/uploads\/2025\/11\/Y-Hermet-2.jpg 515w, https:\/\/www.maitresdhotelworldcup2026.com\/wp-content\/uploads\/2025\/11\/Y-Hermet-2-257x300.jpg 257w\" sizes=\"(max-width: 515px) 100vw, 515px\" \/><\/figure><div class=\"elementor-image-box-content\"><h3 class=\"elementor-image-box-title\">Yohan HERMET<\/h3><p class=\"elementor-image-box-description\">Enseignant en service \u00e0 l\u2019EHL Hospitality Business School \u00e0 Lausanne (Suisse), finaliste de la Coupe Georges Baptiste 2019 \n\n\n\n\n\n\n\n\n\n<\/p><\/div><\/div>\t\t\t\t<\/div>\n\t\t\t\t<\/div>\n\t\t\t\t\t<\/div>\n\t\t\t\t<\/div>\n\t\t<div class=\"elementor-element elementor-element-3cf0d47 e-flex e-con-boxed e-con e-parent\" data-id=\"3cf0d47\" data-element_type=\"container\">\n\t\t\t\t\t<div class=\"e-con-inner\">\n\t\t\t\t<div class=\"elementor-element elementor-element-b84c3c8 elementor-position-right elementor-vertical-align-middle elementor-widget elementor-widget-image-box\" data-id=\"b84c3c8\" data-element_type=\"widget\" data-widget_type=\"image-box.default\">\n\t\t\t\t<div class=\"elementor-widget-container\">\n\t\t\t\t\t<div class=\"elementor-image-box-wrapper\"><figure class=\"elementor-image-box-img\"><img loading=\"lazy\" decoding=\"async\" width=\"1920\" height=\"2560\" src=\"https:\/\/www.maitresdhotelworldcup2026.com\/wp-content\/uploads\/2025\/11\/Nicolas-Marais-scaled.jpg\" class=\"attachment-full size-full wp-image-743\" alt=\"\" srcset=\"https:\/\/www.maitresdhotelworldcup2026.com\/wp-content\/uploads\/2025\/11\/Nicolas-Marais-scaled.jpg 1920w, https:\/\/www.maitresdhotelworldcup2026.com\/wp-content\/uploads\/2025\/11\/Nicolas-Marais-225x300.jpg 225w, https:\/\/www.maitresdhotelworldcup2026.com\/wp-content\/uploads\/2025\/11\/Nicolas-Marais-768x1024.jpg 768w, https:\/\/www.maitresdhotelworldcup2026.com\/wp-content\/uploads\/2025\/11\/Nicolas-Marais-1152x1536.jpg 1152w\" sizes=\"(max-width: 1920px) 100vw, 1920px\" \/><\/figure><div class=\"elementor-image-box-content\"><h3 class=\"elementor-image-box-title\">Nicolas MARAIS<\/h3><p class=\"elementor-image-box-description\">Wine Director Assistant Las Ventenas Al Paraiso, \u00e0 Los Cabaos (Mexique)     \n\nLaur\u00e9at de la Coupe Georges Baptiste 2022 ;\n\n\n\n\n\n\n\n\n\n<\/p><\/div><\/div>\t\t\t\t<\/div>\n\t\t\t\t<\/div>\n\t\t\t\t\t<\/div>\n\t\t\t\t<\/div>\n\t\t<div class=\"elementor-element elementor-element-a28ec5b e-flex e-con-boxed e-con e-parent\" data-id=\"a28ec5b\" data-element_type=\"container\">\n\t\t\t\t\t<div class=\"e-con-inner\">\n\t\t\t\t<div class=\"elementor-element elementor-element-3828f50 elementor-position-left elementor-vertical-align-middle elementor-widget elementor-widget-image-box\" data-id=\"3828f50\" data-element_type=\"widget\" data-widget_type=\"image-box.default\">\n\t\t\t\t<div class=\"elementor-widget-container\">\n\t\t\t\t\t<div class=\"elementor-image-box-wrapper\"><figure class=\"elementor-image-box-img\"><img loading=\"lazy\" decoding=\"async\" width=\"1179\" height=\"1682\" src=\"https:\/\/www.maitresdhotelworldcup2026.com\/wp-content\/uploads\/2025\/11\/CURIOZ-1.png\" class=\"attachment-full size-full wp-image-740\" alt=\"\" srcset=\"https:\/\/www.maitresdhotelworldcup2026.com\/wp-content\/uploads\/2025\/11\/CURIOZ-1.png 1179w, https:\/\/www.maitresdhotelworldcup2026.com\/wp-content\/uploads\/2025\/11\/CURIOZ-1-210x300.png 210w, https:\/\/www.maitresdhotelworldcup2026.com\/wp-content\/uploads\/2025\/11\/CURIOZ-1-718x1024.png 718w, https:\/\/www.maitresdhotelworldcup2026.com\/wp-content\/uploads\/2025\/11\/CURIOZ-1-768x1096.png 768w, https:\/\/www.maitresdhotelworldcup2026.com\/wp-content\/uploads\/2025\/11\/CURIOZ-1-1077x1536.png 1077w\" sizes=\"(max-width: 1179px) 100vw, 1179px\" \/><\/figure><div class=\"elementor-image-box-content\"><h3 class=\"elementor-image-box-title\">Thibault CURIOZ<\/h3><p class=\"elementor-image-box-description\">Assisant chef sommelier au restaurant Paul Bocuse \u00e0 Collonges-au-Mont-d\u2019Or, gagnant de la Meilleure brigade de France 2024 ;\n\n\n\n\n\n\n\n\n\n\n<\/p><\/div><\/div>\t\t\t\t<\/div>\n\t\t\t\t<\/div>\n\t\t\t\t\t<\/div>\n\t\t\t\t<\/div>\n\t\t\t\t<\/div>\n\t\t","protected":false},"excerpt":{"rendered":"<p>Justine TARDY Formatrice en restaurant au CIFA \u00e0 AuxerreMeilleure Apprentie de France Arts de la Table 2018 Dylan WERNER Ma\u00eetre d\u2019h\u00f4tel Les exp\u00e9riences de TailleventChampion du Monde Service en Restauration 2022Meilleur Apprenti de France Arts de la Table 2018 Adrien ANDRES Formateur en restaurant au CEFPPA Adrien ZellerM\u00e9daille de Bronze Coupe George Baptiste 2025 Stephen [&hellip;]<\/p>\n","protected":false},"author":1,"featured_media":0,"parent":0,"menu_order":0,"comment_status":"closed","ping_status":"closed","template":"templates\/template-full-width.php","meta":{"footnotes":""},"class_list":["post-26","page","type-page","status-publish","hentry"],"_links":{"self":[{"href":"https:\/\/www.maitresdhotelworldcup2026.com\/index.php\/wp-json\/wp\/v2\/pages\/26","targetHints":{"allow":["GET"]}}],"collection":[{"href":"https:\/\/www.maitresdhotelworldcup2026.com\/index.php\/wp-json\/wp\/v2\/pages"}],"about":[{"href":"https:\/\/www.maitresdhotelworldcup2026.com\/index.php\/wp-json\/wp\/v2\/types\/page"}],"author":[{"embeddable":true,"href":"https:\/\/www.maitresdhotelworldcup2026.com\/index.php\/wp-json\/wp\/v2\/users\/1"}],"replies":[{"embeddable":true,"href":"https:\/\/www.maitresdhotelworldcup2026.com\/index.php\/wp-json\/wp\/v2\/comments?post=26"}],"version-history":[{"count":49,"href":"https:\/\/www.maitresdhotelworldcup2026.com\/index.php\/wp-json\/wp\/v2\/pages\/26\/revisions"}],"predecessor-version":[{"id":746,"href":"https:\/\/www.maitresdhotelworldcup2026.com\/index.php\/wp-json\/wp\/v2\/pages\/26\/revisions\/746"}],"wp:attachment":[{"href":"https:\/\/www.maitresdhotelworldcup2026.com\/index.php\/wp-json\/wp\/v2\/media?parent=26"}],"curies":[{"name":"wp","href":"https:\/\/api.w.org\/{rel}","templated":true}]}}