{"id":245,"date":"2025-06-03T14:59:35","date_gmt":"2025-06-03T12:59:35","guid":{"rendered":"https:\/\/www.maitresdhotelworldcup2026.com\/?page_id=245"},"modified":"2025-06-21T11:07:50","modified_gmt":"2025-06-21T09:07:50","slug":"world-cup-head-waiter-association","status":"publish","type":"page","link":"https:\/\/www.maitresdhotelworldcup2026.com\/index.php\/world-cup-head-waiter-association\/","title":{"rendered":"World Cup Head Waiter Association et la protection du nom"},"content":{"rendered":"\n<figure class=\"wp-block-image size-full\"><img fetchpriority=\"high\" decoding=\"async\" width=\"1024\" height=\"1024\" src=\"https:\/\/www.maitresdhotelworldcup2026.com\/wp-content\/uploads\/2025\/06\/3a117ea7-de41-48a7-a275-0b6a96a36308-1.png\" alt=\"\" class=\"wp-image-246\" srcset=\"https:\/\/www.maitresdhotelworldcup2026.com\/wp-content\/uploads\/2025\/06\/3a117ea7-de41-48a7-a275-0b6a96a36308-1.png 1024w, https:\/\/www.maitresdhotelworldcup2026.com\/wp-content\/uploads\/2025\/06\/3a117ea7-de41-48a7-a275-0b6a96a36308-1-300x300.png 300w, https:\/\/www.maitresdhotelworldcup2026.com\/wp-content\/uploads\/2025\/06\/3a117ea7-de41-48a7-a275-0b6a96a36308-1-150x150.png 150w, https:\/\/www.maitresdhotelworldcup2026.com\/wp-content\/uploads\/2025\/06\/3a117ea7-de41-48a7-a275-0b6a96a36308-1-768x768.png 768w\" sizes=\"(max-width: 1024px) 100vw, 1024px\" \/><\/figure>\n\n\n\n<h3 class=\"wp-block-heading\">Le nom du concours a \u00e9t\u00e9 d\u00e9pos\u00e9 aupr\u00e8s de l&rsquo;INPI &#8211; voir document ci dessous.<\/h3>\n\n\n\n<figure class=\"wp-block-image size-large\"><img decoding=\"async\" width=\"724\" height=\"1024\" src=\"https:\/\/www.maitresdhotelworldcup2026.com\/wp-content\/uploads\/2025\/06\/INPI-protection-du-nom_page-0002-724x1024.jpg\" alt=\"\" class=\"wp-image-440\" srcset=\"https:\/\/www.maitresdhotelworldcup2026.com\/wp-content\/uploads\/2025\/06\/INPI-protection-du-nom_page-0002-724x1024.jpg 724w, https:\/\/www.maitresdhotelworldcup2026.com\/wp-content\/uploads\/2025\/06\/INPI-protection-du-nom_page-0002-212x300.jpg 212w, https:\/\/www.maitresdhotelworldcup2026.com\/wp-content\/uploads\/2025\/06\/INPI-protection-du-nom_page-0002-768x1087.jpg 768w, https:\/\/www.maitresdhotelworldcup2026.com\/wp-content\/uploads\/2025\/06\/INPI-protection-du-nom_page-0002-1085x1536.jpg 1085w, https:\/\/www.maitresdhotelworldcup2026.com\/wp-content\/uploads\/2025\/06\/INPI-protection-du-nom_page-0002-1200x1698.jpg 1200w, https:\/\/www.maitresdhotelworldcup2026.com\/wp-content\/uploads\/2025\/06\/INPI-protection-du-nom_page-0002.jpg 1240w\" sizes=\"(max-width: 724px) 100vw, 724px\" \/><\/figure>\n\n\n\n<p><\/p>\n","protected":false},"excerpt":{"rendered":"<p>Le nom du concours a \u00e9t\u00e9 d\u00e9pos\u00e9 aupr\u00e8s de l&rsquo;INPI &#8211; voir document ci dessous.<\/p>\n","protected":false},"author":1,"featured_media":0,"parent":0,"menu_order":0,"comment_status":"closed","ping_status":"closed","template":"templates\/template-full-width.php","meta":{"footnotes":""},"class_list":["post-245","page","type-page","status-publish","hentry"],"_links":{"self":[{"href":"https:\/\/www.maitresdhotelworldcup2026.com\/index.php\/wp-json\/wp\/v2\/pages\/245","targetHints":{"allow":["GET"]}}],"collection":[{"href":"https:\/\/www.maitresdhotelworldcup2026.com\/index.php\/wp-json\/wp\/v2\/pages"}],"about":[{"href":"https:\/\/www.maitresdhotelworldcup2026.com\/index.php\/wp-json\/wp\/v2\/types\/page"}],"author":[{"embeddable":true,"href":"https:\/\/www.maitresdhotelworldcup2026.com\/index.php\/wp-json\/wp\/v2\/users\/1"}],"replies":[{"embeddable":true,"href":"https:\/\/www.maitresdhotelworldcup2026.com\/index.php\/wp-json\/wp\/v2\/comments?post=245"}],"version-history":[{"count":3,"href":"https:\/\/www.maitresdhotelworldcup2026.com\/index.php\/wp-json\/wp\/v2\/pages\/245\/revisions"}],"predecessor-version":[{"id":442,"href":"https:\/\/www.maitresdhotelworldcup2026.com\/index.php\/wp-json\/wp\/v2\/pages\/245\/revisions\/442"}],"wp:attachment":[{"href":"https:\/\/www.maitresdhotelworldcup2026.com\/index.php\/wp-json\/wp\/v2\/media?parent=245"}],"curies":[{"name":"wp","href":"https:\/\/api.w.org\/{rel}","templated":true}]}}