{"id":23,"date":"2025-05-26T14:35:49","date_gmt":"2025-05-26T12:35:49","guid":{"rendered":"http:\/\/www.maitresdhotelworldcup2026.com\/?page_id=23"},"modified":"2025-11-12T12:05:26","modified_gmt":"2025-11-12T11:05:26","slug":"le-bureau-de-lassociation","status":"publish","type":"page","link":"https:\/\/www.maitresdhotelworldcup2026.com\/index.php\/le-bureau-de-lassociation\/","title":{"rendered":"Le Bureau de l\u2019Association"},"content":{"rendered":"\t\t<div data-elementor-type=\"wp-page\" data-elementor-id=\"23\" class=\"elementor elementor-23\">\n\t\t\t\t<div class=\"elementor-element elementor-element-129bcd3 e-flex e-con-boxed e-con e-parent\" data-id=\"129bcd3\" data-element_type=\"container\">\n\t\t\t\t\t<div class=\"e-con-inner\">\n\t\t\t\t<div class=\"elementor-element elementor-element-1fcbebc elementor-widget elementor-widget-text-editor\" data-id=\"1fcbebc\" data-element_type=\"widget\" data-widget_type=\"text-editor.default\">\n\t\t\t\t<div class=\"elementor-widget-container\">\n\t\t\t\t\t\t\t\t\t<p style=\"text-align: center;\"><strong>Des professionnels passionn\u00e9s \u0153uvrent pour faire de cette comp\u00e9tition un \u00e9v\u00e9nement d&rsquo;exception.<\/strong><\/p>\t\t\t\t\t\t\t\t<\/div>\n\t\t\t\t<\/div>\n\t\t\t\t\t<\/div>\n\t\t\t\t<\/div>\n\t\t<div class=\"elementor-element elementor-element-c0d3ed9 e-flex e-con-boxed e-con e-parent\" data-id=\"c0d3ed9\" data-element_type=\"container\">\n\t\t\t\t\t<div class=\"e-con-inner\">\n\t\t\t\t<div class=\"elementor-element elementor-element-b3e99fe elementor-position-left elementor-vertical-align-middle elementor-widget elementor-widget-image-box\" data-id=\"b3e99fe\" data-element_type=\"widget\" data-widget_type=\"image-box.default\">\n\t\t\t\t<div class=\"elementor-widget-container\">\n\t\t\t\t\t<div class=\"elementor-image-box-wrapper\"><figure class=\"elementor-image-box-img\"><img fetchpriority=\"high\" decoding=\"async\" width=\"391\" height=\"459\" src=\"https:\/\/www.maitresdhotelworldcup2026.com\/wp-content\/uploads\/2025\/05\/IMG_3412.png\" class=\"attachment-2048x2048 size-2048x2048 wp-image-119\" alt=\"\" srcset=\"https:\/\/www.maitresdhotelworldcup2026.com\/wp-content\/uploads\/2025\/05\/IMG_3412.png 391w, https:\/\/www.maitresdhotelworldcup2026.com\/wp-content\/uploads\/2025\/05\/IMG_3412-256x300.png 256w\" sizes=\"(max-width: 391px) 100vw, 391px\" \/><\/figure><div class=\"elementor-image-box-content\"><h3 class=\"elementor-image-box-title\">Serge GOULAIEFF<\/h3><p class=\"elementor-image-box-description\">Pr\u00e9sident<br>MOF Ma\u00eetre d\u2019hotel, du Service et des Arts de la Table 2003<\/p><\/div><\/div>\t\t\t\t<\/div>\n\t\t\t\t<\/div>\n\t\t\t\t<div class=\"elementor-element elementor-element-7286fb3 elementor-position-right elementor-vertical-align-middle elementor-widget elementor-widget-image-box\" data-id=\"7286fb3\" data-element_type=\"widget\" data-widget_type=\"image-box.default\">\n\t\t\t\t<div class=\"elementor-widget-container\">\n\t\t\t\t\t<div class=\"elementor-image-box-wrapper\"><figure class=\"elementor-image-box-img\"><img decoding=\"async\" width=\"740\" height=\"800\" src=\"https:\/\/www.maitresdhotelworldcup2026.com\/wp-content\/uploads\/2025\/05\/IMG_3413.png\" class=\"attachment-2048x2048 size-2048x2048 wp-image-120\" alt=\"\" srcset=\"https:\/\/www.maitresdhotelworldcup2026.com\/wp-content\/uploads\/2025\/05\/IMG_3413.png 740w, https:\/\/www.maitresdhotelworldcup2026.com\/wp-content\/uploads\/2025\/05\/IMG_3413-278x300.png 278w\" sizes=\"(max-width: 740px) 100vw, 740px\" \/><\/figure><div class=\"elementor-image-box-content\"><h3 class=\"elementor-image-box-title\">Ief VANHONNACKER<\/h3><p class=\"elementor-image-box-description\">1er Vice-Pr\u00e9sident<br>Champion du monde des Ma\u00eetres d\u2019h\u00f4tel \u00e0 Auxerre en 2019<\/p><\/div><\/div>\t\t\t\t<\/div>\n\t\t\t\t<\/div>\n\t\t\t\t<div class=\"elementor-element elementor-element-2bcfb91 elementor-position-left elementor-vertical-align-middle elementor-widget elementor-widget-image-box\" data-id=\"2bcfb91\" data-element_type=\"widget\" data-widget_type=\"image-box.default\">\n\t\t\t\t<div class=\"elementor-widget-container\">\n\t\t\t\t\t<div class=\"elementor-image-box-wrapper\"><figure class=\"elementor-image-box-img\"><img decoding=\"async\" width=\"1366\" height=\"2048\" src=\"https:\/\/www.maitresdhotelworldcup2026.com\/wp-content\/uploads\/2025\/05\/MOF-Auxerre-599_Original-1366x2048.jpeg\" class=\"attachment-2048x2048 size-2048x2048 wp-image-46\" alt=\"\" srcset=\"https:\/\/www.maitresdhotelworldcup2026.com\/wp-content\/uploads\/2025\/05\/MOF-Auxerre-599_Original-1366x2048.jpeg 1366w, https:\/\/www.maitresdhotelworldcup2026.com\/wp-content\/uploads\/2025\/05\/MOF-Auxerre-599_Original-200x300.jpeg 200w, https:\/\/www.maitresdhotelworldcup2026.com\/wp-content\/uploads\/2025\/05\/MOF-Auxerre-599_Original-683x1024.jpeg 683w, https:\/\/www.maitresdhotelworldcup2026.com\/wp-content\/uploads\/2025\/05\/MOF-Auxerre-599_Original-768x1152.jpeg 768w, https:\/\/www.maitresdhotelworldcup2026.com\/wp-content\/uploads\/2025\/05\/MOF-Auxerre-599_Original-1024x1536.jpeg 1024w, https:\/\/www.maitresdhotelworldcup2026.com\/wp-content\/uploads\/2025\/05\/MOF-Auxerre-599_Original.jpeg 1581w\" sizes=\"(max-width: 1366px) 100vw, 1366px\" \/><\/figure><div class=\"elementor-image-box-content\"><h3 class=\"elementor-image-box-title\">Frank JOSSERAND<\/h3><p class=\"elementor-image-box-description\">2\u00e8me Vice-Pr\u00e9sident<br>\nResponsable des partenariats<br>MOF Ma\u00eetre d\u2019h\u00f4tel, du Service et des Arts de la Table 2004<\/p><\/div><\/div>\t\t\t\t<\/div>\n\t\t\t\t<\/div>\n\t\t\t\t<div class=\"elementor-element elementor-element-a6a8156 elementor-position-right elementor-vertical-align-middle elementor-widget elementor-widget-image-box\" data-id=\"a6a8156\" data-element_type=\"widget\" data-widget_type=\"image-box.default\">\n\t\t\t\t<div class=\"elementor-widget-container\">\n\t\t\t\t\t<div class=\"elementor-image-box-wrapper\"><figure class=\"elementor-image-box-img\"><img loading=\"lazy\" decoding=\"async\" width=\"390\" height=\"459\" src=\"https:\/\/www.maitresdhotelworldcup2026.com\/wp-content\/uploads\/2025\/05\/IMG_3415.png\" class=\"attachment-2048x2048 size-2048x2048 wp-image-123\" alt=\"\" srcset=\"https:\/\/www.maitresdhotelworldcup2026.com\/wp-content\/uploads\/2025\/05\/IMG_3415.png 390w, https:\/\/www.maitresdhotelworldcup2026.com\/wp-content\/uploads\/2025\/05\/IMG_3415-255x300.png 255w\" sizes=\"(max-width: 390px) 100vw, 390px\" \/><\/figure><div class=\"elementor-image-box-content\"><h3 class=\"elementor-image-box-title\">Thierry MILLET<\/h3><p class=\"elementor-image-box-description\">3\u00e8me Vice-Pr\u00e9sident<br>MOF Ma\u00eetre d\u2019hotel, du Service et des Arts de la Table 2011<\/p><\/div><\/div>\t\t\t\t<\/div>\n\t\t\t\t<\/div>\n\t\t\t\t<div class=\"elementor-element elementor-element-711cda3 elementor-position-left elementor-vertical-align-middle elementor-widget elementor-widget-image-box\" data-id=\"711cda3\" data-element_type=\"widget\" data-widget_type=\"image-box.default\">\n\t\t\t\t<div class=\"elementor-widget-container\">\n\t\t\t\t\t<div class=\"elementor-image-box-wrapper\"><figure class=\"elementor-image-box-img\"><img loading=\"lazy\" decoding=\"async\" width=\"389\" height=\"459\" src=\"https:\/\/www.maitresdhotelworldcup2026.com\/wp-content\/uploads\/2025\/05\/IMG_3414.png\" class=\"attachment-2048x2048 size-2048x2048 wp-image-124\" alt=\"\" srcset=\"https:\/\/www.maitresdhotelworldcup2026.com\/wp-content\/uploads\/2025\/05\/IMG_3414.png 389w, https:\/\/www.maitresdhotelworldcup2026.com\/wp-content\/uploads\/2025\/05\/IMG_3414-254x300.png 254w\" sizes=\"(max-width: 389px) 100vw, 389px\" \/><\/figure><div class=\"elementor-image-box-content\"><h3 class=\"elementor-image-box-title\">Esteban VALLE<\/h3><p class=\"elementor-image-box-description\">Tr\u00e9sorier<br>Directeur de la restauration au Domaine Ch\u00e2teauvieux \u00e0 Gen\u00e8ve, 2 \u00e9toiles Michelin<br>Meilleur directeur de salle \u00e0 la Grande Table du Monde en 2024<\/p><\/div><\/div>\t\t\t\t<\/div>\n\t\t\t\t<\/div>\n\t\t\t\t\t<\/div>\n\t\t\t\t<\/div>\n\t\t<div class=\"elementor-element elementor-element-ac4ba58 e-flex e-con-boxed e-con e-parent\" data-id=\"ac4ba58\" data-element_type=\"container\">\n\t\t\t\t\t<div class=\"e-con-inner\">\n\t\t\t\t<div class=\"elementor-element elementor-element-225ce34 elementor-position-right elementor-vertical-align-middle elementor-widget elementor-widget-image-box\" data-id=\"225ce34\" data-element_type=\"widget\" data-widget_type=\"image-box.default\">\n\t\t\t\t<div class=\"elementor-widget-container\">\n\t\t\t\t\t<div class=\"elementor-image-box-wrapper\"><figure class=\"elementor-image-box-img\"><img loading=\"lazy\" decoding=\"async\" width=\"773\" height=\"927\" src=\"https:\/\/www.maitresdhotelworldcup2026.com\/wp-content\/uploads\/2025\/06\/Umberto-Giraudo.jpg\" class=\"attachment-2048x2048 size-2048x2048 wp-image-223\" alt=\"\" srcset=\"https:\/\/www.maitresdhotelworldcup2026.com\/wp-content\/uploads\/2025\/06\/Umberto-Giraudo.jpg 773w, https:\/\/www.maitresdhotelworldcup2026.com\/wp-content\/uploads\/2025\/06\/Umberto-Giraudo-250x300.jpg 250w, https:\/\/www.maitresdhotelworldcup2026.com\/wp-content\/uploads\/2025\/06\/Umberto-Giraudo-768x921.jpg 768w\" sizes=\"(max-width: 773px) 100vw, 773px\" \/><\/figure><div class=\"elementor-image-box-content\"><h3 class=\"elementor-image-box-title\">Umberto GIRAUDO<\/h3><p class=\"elementor-image-box-description\">Secr\u00e9taire<br>\nFood and Beverage Manager, \u00e0 Romeo Roma Hotel<\/p><\/div><\/div>\t\t\t\t<\/div>\n\t\t\t\t<\/div>\n\t\t\t\t\t<\/div>\n\t\t\t\t<\/div>\n\t\t<div class=\"elementor-element elementor-element-c6b1892 e-grid e-con-boxed e-con e-parent\" data-id=\"c6b1892\" data-element_type=\"container\">\n\t\t\t\t\t<div class=\"e-con-inner\">\n\t\t\t\t<div class=\"elementor-element elementor-element-e67a683 elementor-widget elementor-widget-image\" data-id=\"e67a683\" data-element_type=\"widget\" data-widget_type=\"image.default\">\n\t\t\t\t<div class=\"elementor-widget-container\">\n\t\t\t\t\t\t\t\t\t\t\t\t\t\t\t<img loading=\"lazy\" decoding=\"async\" width=\"534\" height=\"800\" src=\"https:\/\/www.maitresdhotelworldcup2026.com\/wp-content\/uploads\/2025\/11\/Image.jpeg\" class=\"attachment-large size-large wp-image-721\" alt=\"\" srcset=\"https:\/\/www.maitresdhotelworldcup2026.com\/wp-content\/uploads\/2025\/11\/Image.jpeg 534w, https:\/\/www.maitresdhotelworldcup2026.com\/wp-content\/uploads\/2025\/11\/Image-200x300.jpeg 200w\" sizes=\"(max-width: 534px) 100vw, 534px\" \/>\t\t\t\t\t\t\t\t\t\t\t\t\t\t\t<\/div>\n\t\t\t\t<\/div>\n\t\t\t\t<div class=\"elementor-element elementor-element-904ab0c elementor-widget elementor-widget-text-editor\" data-id=\"904ab0c\" data-element_type=\"widget\" data-widget_type=\"text-editor.default\">\n\t\t\t\t<div class=\"elementor-widget-container\">\n\t\t\t\t\t\t\t\t\t<h3><span style=\"color: #99ccff;\" data-teams=\"true\"><strong>Maitre\u00a0 Syu Takamori (IMSA)<\/strong><\/span><\/h3><h5>Asia region representative of World cup waiter association<\/h5><ul><li>First-ever World\u2019s Best Ma\u00eetre d\u2019H\u00f4tel<\/li><li>Five-time International Award-winning Hospitality &amp; Butler Coach<\/li><\/ul>\t\t\t\t\t\t\t\t<\/div>\n\t\t\t\t<\/div>\n\t\t\t\t\t<\/div>\n\t\t\t\t<\/div>\n\t\t\t\t<\/div>\n\t\t","protected":false},"excerpt":{"rendered":"<p>Des professionnels passionn\u00e9s \u0153uvrent pour faire de cette comp\u00e9tition un \u00e9v\u00e9nement d&rsquo;exception. Serge GOULAIEFF Pr\u00e9sidentMOF Ma\u00eetre d\u2019hotel, du Service et des Arts de la Table 2003 Ief VANHONNACKER 1er Vice-Pr\u00e9sidentChampion du monde des Ma\u00eetres d\u2019h\u00f4tel \u00e0 Auxerre en 2019 Frank JOSSERAND 2\u00e8me Vice-Pr\u00e9sident Responsable des partenariatsMOF Ma\u00eetre d\u2019h\u00f4tel, du Service et des Arts de la [&hellip;]<\/p>\n","protected":false},"author":1,"featured_media":0,"parent":0,"menu_order":0,"comment_status":"closed","ping_status":"closed","template":"templates\/template-full-width.php","meta":{"footnotes":""},"class_list":["post-23","page","type-page","status-publish","hentry"],"_links":{"self":[{"href":"https:\/\/www.maitresdhotelworldcup2026.com\/index.php\/wp-json\/wp\/v2\/pages\/23","targetHints":{"allow":["GET"]}}],"collection":[{"href":"https:\/\/www.maitresdhotelworldcup2026.com\/index.php\/wp-json\/wp\/v2\/pages"}],"about":[{"href":"https:\/\/www.maitresdhotelworldcup2026.com\/index.php\/wp-json\/wp\/v2\/types\/page"}],"author":[{"embeddable":true,"href":"https:\/\/www.maitresdhotelworldcup2026.com\/index.php\/wp-json\/wp\/v2\/users\/1"}],"replies":[{"embeddable":true,"href":"https:\/\/www.maitresdhotelworldcup2026.com\/index.php\/wp-json\/wp\/v2\/comments?post=23"}],"version-history":[{"count":44,"href":"https:\/\/www.maitresdhotelworldcup2026.com\/index.php\/wp-json\/wp\/v2\/pages\/23\/revisions"}],"predecessor-version":[{"id":725,"href":"https:\/\/www.maitresdhotelworldcup2026.com\/index.php\/wp-json\/wp\/v2\/pages\/23\/revisions\/725"}],"wp:attachment":[{"href":"https:\/\/www.maitresdhotelworldcup2026.com\/index.php\/wp-json\/wp\/v2\/media?parent=23"}],"curies":[{"name":"wp","href":"https:\/\/api.w.org\/{rel}","templated":true}]}}