{"id":136,"date":"2025-05-28T21:58:22","date_gmt":"2025-05-28T19:58:22","guid":{"rendered":"https:\/\/www.maitresdhotelworldcup2026.com\/?page_id=136"},"modified":"2025-06-21T11:05:41","modified_gmt":"2025-06-21T09:05:41","slug":"accueil","status":"publish","type":"page","link":"https:\/\/www.maitresdhotelworldcup2026.com\/","title":{"rendered":"Accueil"},"content":{"rendered":"\t\t<div data-elementor-type=\"wp-page\" data-elementor-id=\"136\" class=\"elementor elementor-136\">\n\t\t\t\t<div class=\"elementor-element elementor-element-752cf7ca e-con-full e-flex e-con e-parent\" data-id=\"752cf7ca\" data-element_type=\"container\">\n\t\t\t\t<div class=\"elementor-element elementor-element-6d33741c elementor-widget elementor-widget-heading\" data-id=\"6d33741c\" data-element_type=\"widget\" data-widget_type=\"heading.default\">\n\t\t\t\t<div class=\"elementor-widget-container\">\n\t\t\t\t\t<h2 class=\"elementor-heading-title elementor-size-default\"><a href=\"https:\/\/www.maitresdhotelworldcup2026.com\/index.php\/coupe-du-monde-des-maitres-dhotel-tokyo-2026\/\">Bienvenue sur ce site d\u00e9di\u00e9 \u00e0 la coupe du Monde des Ma\u00eetres d'h\u00f4tel organis\u00e9e par World Cup Head Waiter Association<\/a><\/h2>\t\t\t\t<\/div>\n\t\t\t\t<\/div>\n\t\t\t\t<div class=\"elementor-element elementor-element-1912dd5 elementor-widget elementor-widget-text-editor\" data-id=\"1912dd5\" data-element_type=\"widget\" data-widget_type=\"text-editor.default\">\n\t\t\t\t<div class=\"elementor-widget-container\">\n\t\t\t\t\t\t\t\t\t<h5>La Coupe du Monde des Ma\u00eetres d&rsquo;h\u00f4tel est un \u00e9v\u00e9nement prestigieux qui met en lumi\u00e8re les comp\u00e9tences exceptionnelles des ma\u00eetres d&rsquo;h\u00f4tel \u00e0 travers le monde.<\/h5><h5>Notre comp\u00e9tition offre une plateforme unique pour honorer et r\u00e9compenser l&rsquo;excellence en service, la ma\u00eetrise des arts de la table, et le professionnalisme sans pareil de ces experts du service.<\/h5>\t\t\t\t\t\t\t\t<\/div>\n\t\t\t\t<\/div>\n\t\t\t\t<\/div>\n\t\t<div class=\"elementor-element elementor-element-0fd57a5 e-grid e-con-boxed e-con e-parent\" data-id=\"0fd57a5\" data-element_type=\"container\">\n\t\t\t\t\t<div class=\"e-con-inner\">\n\t\t\t\t<div class=\"elementor-element elementor-element-7728a2e elementor-widget elementor-widget-image\" data-id=\"7728a2e\" data-element_type=\"widget\" data-widget_type=\"image.default\">\n\t\t\t\t<div class=\"elementor-widget-container\">\n\t\t\t\t\t\t\t\t\t\t\t\t\t\t\t\t<a href=\"https:\/\/www.facebook.com\/profile.php?id=61568170341045\" target=\"_blank\">\n\t\t\t\t\t\t\t<img decoding=\"async\" width=\"169\" height=\"169\" src=\"https:\/\/www.maitresdhotelworldcup2026.com\/wp-content\/uploads\/2025\/06\/Icon2.png\" class=\"attachment-medium size-medium wp-image-538\" alt=\"\" srcset=\"https:\/\/www.maitresdhotelworldcup2026.com\/wp-content\/uploads\/2025\/06\/Icon2.png 169w, https:\/\/www.maitresdhotelworldcup2026.com\/wp-content\/uploads\/2025\/06\/Icon2-150x150.png 150w\" sizes=\"(max-width: 169px) 100vw, 169px\" \/>\t\t\t\t\t\t\t\t<\/a>\n\t\t\t\t\t\t\t\t\t\t\t\t\t\t\t<\/div>\n\t\t\t\t<\/div>\n\t\t\t\t<div class=\"elementor-element elementor-element-ab47d9a elementor-widget elementor-widget-image\" data-id=\"ab47d9a\" data-element_type=\"widget\" data-widget_type=\"image.default\">\n\t\t\t\t<div class=\"elementor-widget-container\">\n\t\t\t\t\t\t\t\t\t\t\t\t\t\t\t\t<a href=\"https:\/\/www.instagram.com\/maitrehotel_worldcup?igsh=YnF6eTJ5czUycmd6\" target=\"_blank\">\n\t\t\t\t\t\t\t<img decoding=\"async\" width=\"169\" height=\"169\" src=\"https:\/\/www.maitresdhotelworldcup2026.com\/wp-content\/uploads\/2025\/06\/Icon1.png\" class=\"attachment-medium size-medium wp-image-539\" alt=\"\" srcset=\"https:\/\/www.maitresdhotelworldcup2026.com\/wp-content\/uploads\/2025\/06\/Icon1.png 169w, https:\/\/www.maitresdhotelworldcup2026.com\/wp-content\/uploads\/2025\/06\/Icon1-150x150.png 150w\" sizes=\"(max-width: 169px) 100vw, 169px\" \/>\t\t\t\t\t\t\t\t<\/a>\n\t\t\t\t\t\t\t\t\t\t\t\t\t\t\t<\/div>\n\t\t\t\t<\/div>\n\t\t\t\t\t<\/div>\n\t\t\t\t<\/div>\n\t\t\t\t<\/div>\n\t\t","protected":false},"excerpt":{"rendered":"<p>Bienvenue sur ce site d\u00e9di\u00e9 \u00e0 la coupe du Monde des Ma\u00eetres d&rsquo;h\u00f4tel organis\u00e9e par World Cup Head Waiter Association La Coupe du Monde des Ma\u00eetres d&rsquo;h\u00f4tel est un \u00e9v\u00e9nement prestigieux qui met en lumi\u00e8re les comp\u00e9tences exceptionnelles des ma\u00eetres d&rsquo;h\u00f4tel \u00e0 travers le monde. Notre comp\u00e9tition offre une plateforme unique pour honorer et r\u00e9compenser [&hellip;]<\/p>\n","protected":false},"author":1,"featured_media":0,"parent":0,"menu_order":0,"comment_status":"closed","ping_status":"closed","template":"templates\/template-full-width.php","meta":{"footnotes":""},"class_list":["post-136","page","type-page","status-publish","hentry"],"_links":{"self":[{"href":"https:\/\/www.maitresdhotelworldcup2026.com\/index.php\/wp-json\/wp\/v2\/pages\/136","targetHints":{"allow":["GET"]}}],"collection":[{"href":"https:\/\/www.maitresdhotelworldcup2026.com\/index.php\/wp-json\/wp\/v2\/pages"}],"about":[{"href":"https:\/\/www.maitresdhotelworldcup2026.com\/index.php\/wp-json\/wp\/v2\/types\/page"}],"author":[{"embeddable":true,"href":"https:\/\/www.maitresdhotelworldcup2026.com\/index.php\/wp-json\/wp\/v2\/users\/1"}],"replies":[{"embeddable":true,"href":"https:\/\/www.maitresdhotelworldcup2026.com\/index.php\/wp-json\/wp\/v2\/comments?post=136"}],"version-history":[{"count":38,"href":"https:\/\/www.maitresdhotelworldcup2026.com\/index.php\/wp-json\/wp\/v2\/pages\/136\/revisions"}],"predecessor-version":[{"id":542,"href":"https:\/\/www.maitresdhotelworldcup2026.com\/index.php\/wp-json\/wp\/v2\/pages\/136\/revisions\/542"}],"wp:attachment":[{"href":"https:\/\/www.maitresdhotelworldcup2026.com\/index.php\/wp-json\/wp\/v2\/media?parent=136"}],"curies":[{"name":"wp","href":"https:\/\/api.w.org\/{rel}","templated":true}]}}